{"id":22515,"date":"2026-03-12T15:49:09","date_gmt":"2026-03-12T14:49:09","guid":{"rendered":"https:\/\/test-marcel.nl\/?post_type=product&#038;p=22515"},"modified":"2026-03-16T16:12:50","modified_gmt":"2026-03-16T15:12:50","slug":"vibae-roma-cognac-brown","status":"publish","type":"product","link":"https:\/\/test-marcel.nl\/de\/vibae-roma-cognac-brown\/","title":{"rendered":"VIBAe Roma slipper Cognac"},"content":{"rendered":"<p><strong> <\/strong><\/p>\n","protected":false},"excerpt":{"rendered":"<p class=\"isSelectedEnd\">Der <strong>VIBAe Roma Slipper<\/strong> ist ein minimalistischer Unisex-Slipper mit einem zeitlosen Design und au\u00dfergew\u00f6hnlichem Komfort. Dank des ergonomischen Fu\u00dfbetts und des geschmeidigen Leders schmiegt sich der Slipper an den Fu\u00df an und ist ideal f\u00fcr das t\u00e4gliche Tragen. <\/p>\n<p class=\"isSelectedEnd\">Entworfen in Finnland und handgefertigt in Portugal aus hochwertigen Materialien.<\/p>\n<p>Eine vielseitige Sandale, die sowohl drinnen als auch drau\u00dfen getragen werden kann.<\/p>\n<p>Gr\u00f6\u00dfe &amp; Passform: F\u00e4llt gr\u00f6\u00dfengerecht aus<\/p>\n<p>Alle <a href=\"https:\/\/test-marcel.nl\/de\/marke\/vibae\/\">VIBAe<\/a> Modelle bei LUUKS ansehen<\/p>\n<p>&nbsp;<\/p>\n<p>&nbsp;<\/p>\n","protected":false},"featured_media":22734,"template":"","meta":{"site-sidebar-layout":"default","site-content-layout":"","ast-site-content-layout":"default","site-content-style":"default","site-sidebar-style":"default","ast-global-header-display":"","ast-banner-title-visibility":"","ast-main-header-display":"","ast-hfb-above-header-display":"","ast-hfb-below-header-display":"","ast-hfb-mobile-header-display":"","site-post-title":"","ast-breadcrumbs-content":"","ast-featured-img":"","footer-sml-layout":"","ast-disable-related-posts":"","theme-transparent-header-meta":"default","adv-header-id-meta":"","stick-header-meta":"default","header-above-stick-meta":"","header-main-stick-meta":"","header-below-stick-meta":"","astra-migrate-meta-layouts":"set","ast-page-background-enabled":"default","ast-page-background-meta":{"desktop":{"background-color":"var(--ast-global-color-4)","background-image":"","background-repeat":"repeat","background-position":"center center","background-size":"auto","background-attachment":"scroll","background-type":"","background-media":"","overlay-type":"","overlay-color":"","overlay-opacity":"","overlay-gradient":""},"tablet":{"background-color":"","background-image":"","background-repeat":"repeat","background-position":"center center","background-size":"auto","background-attachment":"scroll","background-type":"","background-media":"","overlay-type":"","overlay-color":"","overlay-opacity":"","overlay-gradient":""},"mobile":{"background-color":"","background-image":"","background-repeat":"repeat","background-position":"center center","background-size":"auto","background-attachment":"scroll","background-type":"","background-media":"","overlay-type":"","overlay-color":"","overlay-opacity":"","overlay-gradient":""}},"ast-content-background-meta":{"desktop":{"background-color":"var(--ast-global-color-5)","background-image":"","background-repeat":"repeat","background-position":"center center","background-size":"auto","background-attachment":"scroll","background-type":"","background-media":"","overlay-type":"","overlay-color":"","overlay-opacity":"","overlay-gradient":""},"tablet":{"background-color":"var(--ast-global-color-5)","background-image":"","background-repeat":"repeat","background-position":"center center","background-size":"auto","background-attachment":"scroll","background-type":"","background-media":"","overlay-type":"","overlay-color":"","overlay-opacity":"","overlay-gradient":""},"mobile":{"background-color":"var(--ast-global-color-5)","background-image":"","background-repeat":"repeat","background-position":"center center","background-size":"auto","background-attachment":"scroll","background-type":"","background-media":"","overlay-type":"","overlay-color":"","overlay-opacity":"","overlay-gradient":""}}},"product_brand":[1802],"product_cat":[727,1358,724,1357],"product_tag":[1907],"class_list":{"0":"post-22515","1":"product","2":"type-product","3":"status-publish","4":"has-post-thumbnail","6":"product_brand-vibae","7":"product_cat-herren","8":"product_cat-sandalen-pantoletten-herren","9":"product_cat-schuhe-herren","10":"product_cat-slipper-herren","11":"product_tag-warteliste","12":"pa_kleur-kakaobraun","13":"pa_maat-721","14":"pa_maat-751","15":"pa_maat-719","16":"pa_maat-722","17":"pa_seizoen-lz2026","18":"desktop-align-center","19":"tablet-align-center","20":"mobile-align-center","21":"ast-product-gallery-layout-vertical","22":"ast-product-single-variable","24":"first","25":"instock","26":"taxable","27":"shipping-taxable","28":"purchasable","29":"product-type-variable"},"yoast_head":"<!-- This site is optimized with the Yoast SEO plugin v27.4 - https:\/\/yoast.com\/product\/yoast-seo-wordpress\/ -->\n<title>VIBAe Roma Ledersandale in Cognacbraun | LUUKS Amsterdam<\/title>\n<meta name=\"description\" content=\"Entdecken Sie die VIBAe Roma Ledersandalen in Cognacbraun bei LUUKS. Minimalistisches Design und hoher Komfort. Kaufen Sie online oder besuchen Sie unser Gesch\u00e4ft in Amsterdam\" \/>\n<meta name=\"robots\" content=\"index, follow, max-snippet:-1, max-image-preview:large, max-video-preview:-1\" \/>\n<link rel=\"canonical\" href=\"https:\/\/test-marcel.nl\/de\/vibae-roma-cognac-brown\/\" \/>\n<meta property=\"og:locale\" content=\"de_DE\" \/>\n<meta property=\"og:type\" content=\"article\" \/>\n<meta property=\"og:title\" content=\"VIBAe Roma Ledersandale in Cognacbraun | LUUKS Amsterdam\" \/>\n<meta property=\"og:description\" content=\"Entdecken Sie die VIBAe Roma Ledersandalen in Cognacbraun bei LUUKS. Minimalistisches Design und hoher Komfort. Kaufen Sie online oder besuchen Sie unser Gesch\u00e4ft in Amsterdam\" \/>\n<meta property=\"og:url\" content=\"https:\/\/test-marcel.nl\/de\/vibae-roma-cognac-brown\/\" \/>\n<meta property=\"og:site_name\" content=\"LUUKS\" \/>\n<meta property=\"article:modified_time\" content=\"2026-03-16T15:12:50+00:00\" \/>\n<meta property=\"og:image\" content=\"https:\/\/test-marcel.nl\/wp-content\/uploads\/2026\/03\/VIBAe-Roma-leather-cognac-0.jpg\" \/>\n\t<meta property=\"og:image:width\" content=\"1000\" \/>\n\t<meta property=\"og:image:height\" content=\"1000\" \/>\n\t<meta property=\"og:image:type\" content=\"image\/jpeg\" \/>\n<meta name=\"twitter:card\" content=\"summary_large_image\" \/>\n<script type=\"application\/ld+json\" class=\"yoast-schema-graph\">{\"@context\":\"https:\\\/\\\/schema.org\",\"@graph\":[{\"@type\":\"WebPage\",\"@id\":\"https:\\\/\\\/test-marcel.nl\\\/de\\\/vibae-roma-cognac-brown\\\/\",\"url\":\"https:\\\/\\\/test-marcel.nl\\\/de\\\/vibae-roma-cognac-brown\\\/\",\"name\":\"VIBAe Roma Ledersandale in Cognacbraun | LUUKS Amsterdam\",\"isPartOf\":{\"@id\":\"https:\\\/\\\/test-marcel.nl\\\/#website\"},\"primaryImageOfPage\":{\"@id\":\"https:\\\/\\\/test-marcel.nl\\\/de\\\/vibae-roma-cognac-brown\\\/#primaryimage\"},\"image\":{\"@id\":\"https:\\\/\\\/test-marcel.nl\\\/de\\\/vibae-roma-cognac-brown\\\/#primaryimage\"},\"thumbnailUrl\":\"https:\\\/\\\/test-marcel.nl\\\/wp-content\\\/uploads\\\/2026\\\/03\\\/VIBAe-Roma-leather-cognac-0.jpg\",\"datePublished\":\"2026-03-12T14:49:09+00:00\",\"dateModified\":\"2026-03-16T15:12:50+00:00\",\"description\":\"Entdecken Sie die VIBAe Roma Ledersandalen in Cognacbraun bei LUUKS. Minimalistisches Design und hoher Komfort. Kaufen Sie online oder besuchen Sie unser Gesch\u00e4ft in Amsterdam\",\"breadcrumb\":{\"@id\":\"https:\\\/\\\/test-marcel.nl\\\/de\\\/vibae-roma-cognac-brown\\\/#breadcrumb\"},\"inLanguage\":\"de\",\"potentialAction\":[{\"@type\":\"ReadAction\",\"target\":[\"https:\\\/\\\/test-marcel.nl\\\/de\\\/vibae-roma-cognac-brown\\\/\"]}]},{\"@type\":\"ImageObject\",\"inLanguage\":\"de\",\"@id\":\"https:\\\/\\\/test-marcel.nl\\\/de\\\/vibae-roma-cognac-brown\\\/#primaryimage\",\"url\":\"https:\\\/\\\/test-marcel.nl\\\/wp-content\\\/uploads\\\/2026\\\/03\\\/VIBAe-Roma-leather-cognac-0.jpg\",\"contentUrl\":\"https:\\\/\\\/test-marcel.nl\\\/wp-content\\\/uploads\\\/2026\\\/03\\\/VIBAe-Roma-leather-cognac-0.jpg\",\"width\":1000,\"height\":1000,\"caption\":\"VIBAe Roma slipper cognac\"},{\"@type\":\"BreadcrumbList\",\"@id\":\"https:\\\/\\\/test-marcel.nl\\\/de\\\/vibae-roma-cognac-brown\\\/#breadcrumb\",\"itemListElement\":[{\"@type\":\"ListItem\",\"position\":1,\"name\":\"Home\",\"item\":\"https:\\\/\\\/test-marcel.nl\\\/\"},{\"@type\":\"ListItem\",\"position\":2,\"name\":\"Shop\",\"item\":\"https:\\\/\\\/test-marcel.nl\\\/shop\\\/\"},{\"@type\":\"ListItem\",\"position\":3,\"name\":\"VIBAe Roma slipper Cognac\"}]},{\"@type\":\"WebSite\",\"@id\":\"https:\\\/\\\/test-marcel.nl\\\/#website\",\"url\":\"https:\\\/\\\/test-marcel.nl\\\/\",\"name\":\"LUUKS\",\"description\":\"Voor schoen- en accessoire liefhebbers die kiezen voor stijl en kwaliteit\",\"publisher\":{\"@id\":\"https:\\\/\\\/test-marcel.nl\\\/#organization\"},\"potentialAction\":[{\"@type\":\"SearchAction\",\"target\":{\"@type\":\"EntryPoint\",\"urlTemplate\":\"https:\\\/\\\/test-marcel.nl\\\/?s={search_term_string}\"},\"query-input\":{\"@type\":\"PropertyValueSpecification\",\"valueRequired\":true,\"valueName\":\"search_term_string\"}}],\"inLanguage\":\"de\"},{\"@type\":\"Organization\",\"@id\":\"https:\\\/\\\/test-marcel.nl\\\/#organization\",\"name\":\"LUUKS\",\"url\":\"https:\\\/\\\/test-marcel.nl\\\/\",\"logo\":{\"@type\":\"ImageObject\",\"inLanguage\":\"de\",\"@id\":\"https:\\\/\\\/test-marcel.nl\\\/#\\\/schema\\\/logo\\\/image\\\/\",\"url\":\"https:\\\/\\\/test-marcel.nl\\\/wp-content\\\/uploads\\\/2025\\\/11\\\/LUUKS_LOGO_Red.svg\",\"contentUrl\":\"https:\\\/\\\/test-marcel.nl\\\/wp-content\\\/uploads\\\/2025\\\/11\\\/LUUKS_LOGO_Red.svg\",\"caption\":\"LUUKS\"},\"image\":{\"@id\":\"https:\\\/\\\/test-marcel.nl\\\/#\\\/schema\\\/logo\\\/image\\\/\"}}]}<\/script>\n<!-- \/ Yoast SEO plugin. -->","yoast_head_json":{"title":"VIBAe Roma Ledersandale in Cognacbraun | LUUKS Amsterdam","description":"Entdecken Sie die VIBAe Roma Ledersandalen in Cognacbraun bei LUUKS. Minimalistisches Design und hoher Komfort. Kaufen Sie online oder besuchen Sie unser Gesch\u00e4ft in Amsterdam","robots":{"index":"index","follow":"follow","max-snippet":"max-snippet:-1","max-image-preview":"max-image-preview:large","max-video-preview":"max-video-preview:-1"},"canonical":"https:\/\/test-marcel.nl\/de\/vibae-roma-cognac-brown\/","og_locale":"de_DE","og_type":"article","og_title":"VIBAe Roma Ledersandale in Cognacbraun | LUUKS Amsterdam","og_description":"Entdecken Sie die VIBAe Roma Ledersandalen in Cognacbraun bei LUUKS. Minimalistisches Design und hoher Komfort. Kaufen Sie online oder besuchen Sie unser Gesch\u00e4ft in Amsterdam","og_url":"https:\/\/test-marcel.nl\/de\/vibae-roma-cognac-brown\/","og_site_name":"LUUKS","article_modified_time":"2026-03-16T15:12:50+00:00","og_image":[{"width":1000,"height":1000,"url":"https:\/\/test-marcel.nl\/wp-content\/uploads\/2026\/03\/VIBAe-Roma-leather-cognac-0.jpg","type":"image\/jpeg"}],"twitter_card":"summary_large_image","schema":{"@context":"https:\/\/schema.org","@graph":[{"@type":"WebPage","@id":"https:\/\/test-marcel.nl\/de\/vibae-roma-cognac-brown\/","url":"https:\/\/test-marcel.nl\/de\/vibae-roma-cognac-brown\/","name":"VIBAe Roma Ledersandale in Cognacbraun | LUUKS Amsterdam","isPartOf":{"@id":"https:\/\/test-marcel.nl\/#website"},"primaryImageOfPage":{"@id":"https:\/\/test-marcel.nl\/de\/vibae-roma-cognac-brown\/#primaryimage"},"image":{"@id":"https:\/\/test-marcel.nl\/de\/vibae-roma-cognac-brown\/#primaryimage"},"thumbnailUrl":"https:\/\/test-marcel.nl\/wp-content\/uploads\/2026\/03\/VIBAe-Roma-leather-cognac-0.jpg","datePublished":"2026-03-12T14:49:09+00:00","dateModified":"2026-03-16T15:12:50+00:00","description":"Entdecken Sie die VIBAe Roma Ledersandalen in Cognacbraun bei LUUKS. Minimalistisches Design und hoher Komfort. Kaufen Sie online oder besuchen Sie unser Gesch\u00e4ft in Amsterdam","breadcrumb":{"@id":"https:\/\/test-marcel.nl\/de\/vibae-roma-cognac-brown\/#breadcrumb"},"inLanguage":"de","potentialAction":[{"@type":"ReadAction","target":["https:\/\/test-marcel.nl\/de\/vibae-roma-cognac-brown\/"]}]},{"@type":"ImageObject","inLanguage":"de","@id":"https:\/\/test-marcel.nl\/de\/vibae-roma-cognac-brown\/#primaryimage","url":"https:\/\/test-marcel.nl\/wp-content\/uploads\/2026\/03\/VIBAe-Roma-leather-cognac-0.jpg","contentUrl":"https:\/\/test-marcel.nl\/wp-content\/uploads\/2026\/03\/VIBAe-Roma-leather-cognac-0.jpg","width":1000,"height":1000,"caption":"VIBAe Roma slipper cognac"},{"@type":"BreadcrumbList","@id":"https:\/\/test-marcel.nl\/de\/vibae-roma-cognac-brown\/#breadcrumb","itemListElement":[{"@type":"ListItem","position":1,"name":"Home","item":"https:\/\/test-marcel.nl\/"},{"@type":"ListItem","position":2,"name":"Shop","item":"https:\/\/test-marcel.nl\/shop\/"},{"@type":"ListItem","position":3,"name":"VIBAe Roma slipper Cognac"}]},{"@type":"WebSite","@id":"https:\/\/test-marcel.nl\/#website","url":"https:\/\/test-marcel.nl\/","name":"LUUKS","description":"Voor schoen- en accessoire liefhebbers die kiezen voor stijl en kwaliteit","publisher":{"@id":"https:\/\/test-marcel.nl\/#organization"},"potentialAction":[{"@type":"SearchAction","target":{"@type":"EntryPoint","urlTemplate":"https:\/\/test-marcel.nl\/?s={search_term_string}"},"query-input":{"@type":"PropertyValueSpecification","valueRequired":true,"valueName":"search_term_string"}}],"inLanguage":"de"},{"@type":"Organization","@id":"https:\/\/test-marcel.nl\/#organization","name":"LUUKS","url":"https:\/\/test-marcel.nl\/","logo":{"@type":"ImageObject","inLanguage":"de","@id":"https:\/\/test-marcel.nl\/#\/schema\/logo\/image\/","url":"https:\/\/test-marcel.nl\/wp-content\/uploads\/2025\/11\/LUUKS_LOGO_Red.svg","contentUrl":"https:\/\/test-marcel.nl\/wp-content\/uploads\/2025\/11\/LUUKS_LOGO_Red.svg","caption":"LUUKS"},"image":{"@id":"https:\/\/test-marcel.nl\/#\/schema\/logo\/image\/"}}]}},"_links":{"self":[{"href":"https:\/\/test-marcel.nl\/de\/wp-json\/wp\/v2\/product\/22515","targetHints":{"allow":["GET"]}}],"collection":[{"href":"https:\/\/test-marcel.nl\/de\/wp-json\/wp\/v2\/product"}],"about":[{"href":"https:\/\/test-marcel.nl\/de\/wp-json\/wp\/v2\/types\/product"}],"wp:featuredmedia":[{"embeddable":true,"href":"https:\/\/test-marcel.nl\/de\/wp-json\/wp\/v2\/media\/22734"}],"wp:attachment":[{"href":"https:\/\/test-marcel.nl\/de\/wp-json\/wp\/v2\/media?parent=22515"}],"wp:term":[{"taxonomy":"product_brand","embeddable":true,"href":"https:\/\/test-marcel.nl\/de\/wp-json\/wp\/v2\/product_brand?post=22515"},{"taxonomy":"product_cat","embeddable":true,"href":"https:\/\/test-marcel.nl\/de\/wp-json\/wp\/v2\/product_cat?post=22515"},{"taxonomy":"product_tag","embeddable":true,"href":"https:\/\/test-marcel.nl\/de\/wp-json\/wp\/v2\/product_tag?post=22515"}],"curies":[{"name":"wp","href":"https:\/\/api.w.org\/{rel}","templated":true}]}}