{"id":22389,"date":"2026-03-12T15:50:14","date_gmt":"2026-03-12T14:50:14","guid":{"rendered":"https:\/\/test-marcel.nl\/?post_type=product&#038;p=22389"},"modified":"2026-03-16T16:13:06","modified_gmt":"2026-03-16T15:13:06","slug":"vibae-roma-bio-suede-bosco","status":"publish","type":"product","link":"https:\/\/test-marcel.nl\/de\/vibae-roma-bio-suede-bosco\/","title":{"rendered":"VIBAe Roma suede slipper Bio Bosco"},"content":{"rendered":"<p><strong> <\/strong><\/p>\n","protected":false},"excerpt":{"rendered":"<p class=\"isSelectedEnd\">Der <strong>VIBAe Roma Slipper<\/strong> ist ein minimalistischer Unisex-Slipper mit einem zeitlosen Design und au\u00dfergew\u00f6hnlichem Komfort. Dank des ergonomischen Fu\u00dfbetts und des geschmeidigen Wildleders schmiegt sich der Slipper an den Fu\u00df an und ist ideal f\u00fcr das t\u00e4gliche Tragen. <\/p>\n<p class=\"isSelectedEnd\">Entworfen in Finnland und handgefertigt in Portugal aus hochwertigen Materialien.<\/p>\n<p>Eine vielseitige Sandale, die sowohl drinnen als auch drau\u00dfen getragen werden kann.<\/p>\n<p>Gr\u00f6\u00dfe &amp; Passform: F\u00e4llt gr\u00f6\u00dfengerecht aus<\/p>\n<p>Alle VIBAe Modelle bei LUUKS ansehen<\/p>\n<p>&nbsp;<\/p>\n","protected":false},"featured_media":22678,"template":"","meta":{"site-sidebar-layout":"default","site-content-layout":"","ast-site-content-layout":"default","site-content-style":"default","site-sidebar-style":"default","ast-global-header-display":"","ast-banner-title-visibility":"","ast-main-header-display":"","ast-hfb-above-header-display":"","ast-hfb-below-header-display":"","ast-hfb-mobile-header-display":"","site-post-title":"","ast-breadcrumbs-content":"","ast-featured-img":"","footer-sml-layout":"","ast-disable-related-posts":"","theme-transparent-header-meta":"default","adv-header-id-meta":"","stick-header-meta":"default","header-above-stick-meta":"","header-main-stick-meta":"","header-below-stick-meta":"","astra-migrate-meta-layouts":"set","ast-page-background-enabled":"default","ast-page-background-meta":{"desktop":{"background-color":"var(--ast-global-color-4)","background-image":"","background-repeat":"repeat","background-position":"center center","background-size":"auto","background-attachment":"scroll","background-type":"","background-media":"","overlay-type":"","overlay-color":"","overlay-opacity":"","overlay-gradient":""},"tablet":{"background-color":"","background-image":"","background-repeat":"repeat","background-position":"center center","background-size":"auto","background-attachment":"scroll","background-type":"","background-media":"","overlay-type":"","overlay-color":"","overlay-opacity":"","overlay-gradient":""},"mobile":{"background-color":"","background-image":"","background-repeat":"repeat","background-position":"center center","background-size":"auto","background-attachment":"scroll","background-type":"","background-media":"","overlay-type":"","overlay-color":"","overlay-opacity":"","overlay-gradient":""}},"ast-content-background-meta":{"desktop":{"background-color":"var(--ast-global-color-5)","background-image":"","background-repeat":"repeat","background-position":"center center","background-size":"auto","background-attachment":"scroll","background-type":"","background-media":"","overlay-type":"","overlay-color":"","overlay-opacity":"","overlay-gradient":""},"tablet":{"background-color":"var(--ast-global-color-5)","background-image":"","background-repeat":"repeat","background-position":"center center","background-size":"auto","background-attachment":"scroll","background-type":"","background-media":"","overlay-type":"","overlay-color":"","overlay-opacity":"","overlay-gradient":""},"mobile":{"background-color":"var(--ast-global-color-5)","background-image":"","background-repeat":"repeat","background-position":"center center","background-size":"auto","background-attachment":"scroll","background-type":"","background-media":"","overlay-type":"","overlay-color":"","overlay-opacity":"","overlay-gradient":""}}},"product_brand":[1802],"product_cat":[655,740,670],"product_tag":[1907],"class_list":{"0":"post-22389","1":"product","2":"type-product","3":"status-publish","4":"has-post-thumbnail","6":"product_brand-vibae","7":"product_cat-damen","8":"product_cat-sandalen-pantoletten-damen","9":"product_cat-schuhe-damen","10":"product_tag-warteliste","11":"pa_kleur-bosco","12":"pa_maat-675","13":"pa_maat-674","14":"pa_maat-663","15":"pa_maat-676","16":"pa_seizoen-lz2026","17":"desktop-align-center","18":"tablet-align-center","19":"mobile-align-center","20":"ast-product-gallery-layout-vertical","21":"ast-product-single-variable","23":"first","24":"instock","25":"taxable","26":"shipping-taxable","27":"purchasable","28":"product-type-variable","29":"has-default-attributes"},"yoast_head":"<!-- This site is optimized with the Yoast SEO plugin v27.4 - https:\/\/yoast.com\/product\/yoast-seo-wordpress\/ -->\n<title>VIBAe Roma Wildleder Slipper Bio Bosco | LUUKS Amsterdam<\/title>\n<meta name=\"description\" content=\"Entdecken Sie den VIBAe Roma Slipper aus Wildleder Bio Bosco bei LUUKS. Ein bequemer VIBAE Roma Hausschuh aus weichem Wildleder. Kaufen Sie online oder besuchen Sie unsere Boutique in Amsterdam.\" \/>\n<meta name=\"robots\" content=\"index, follow, max-snippet:-1, max-image-preview:large, max-video-preview:-1\" \/>\n<link rel=\"canonical\" href=\"https:\/\/test-marcel.nl\/de\/vibae-roma-bio-suede-bosco\/\" \/>\n<meta property=\"og:locale\" content=\"de_DE\" \/>\n<meta property=\"og:type\" content=\"article\" \/>\n<meta property=\"og:title\" content=\"VIBAe Roma Wildleder Slipper Bio Bosco | LUUKS Amsterdam\" \/>\n<meta property=\"og:description\" content=\"Entdecken Sie den VIBAe Roma Slipper aus Wildleder Bio Bosco bei LUUKS. Ein bequemer VIBAE Roma Hausschuh aus weichem Wildleder. Kaufen Sie online oder besuchen Sie unsere Boutique in Amsterdam.\" \/>\n<meta property=\"og:url\" content=\"https:\/\/test-marcel.nl\/de\/vibae-roma-bio-suede-bosco\/\" \/>\n<meta property=\"og:site_name\" content=\"LUUKS\" \/>\n<meta property=\"article:modified_time\" content=\"2026-03-16T15:13:06+00:00\" \/>\n<meta property=\"og:image\" content=\"https:\/\/test-marcel.nl\/wp-content\/uploads\/2026\/03\/VIBAe-Roma-suede-khaki-0.jpg\" \/>\n\t<meta property=\"og:image:width\" content=\"1000\" \/>\n\t<meta property=\"og:image:height\" content=\"1000\" \/>\n\t<meta property=\"og:image:type\" content=\"image\/jpeg\" \/>\n<meta name=\"twitter:card\" content=\"summary_large_image\" \/>\n<script type=\"application\/ld+json\" class=\"yoast-schema-graph\">{\"@context\":\"https:\\\/\\\/schema.org\",\"@graph\":[{\"@type\":\"WebPage\",\"@id\":\"https:\\\/\\\/test-marcel.nl\\\/de\\\/vibae-roma-bio-suede-bosco\\\/\",\"url\":\"https:\\\/\\\/test-marcel.nl\\\/de\\\/vibae-roma-bio-suede-bosco\\\/\",\"name\":\"VIBAe Roma Wildleder Slipper Bio Bosco | LUUKS Amsterdam\",\"isPartOf\":{\"@id\":\"https:\\\/\\\/test-marcel.nl\\\/#website\"},\"primaryImageOfPage\":{\"@id\":\"https:\\\/\\\/test-marcel.nl\\\/de\\\/vibae-roma-bio-suede-bosco\\\/#primaryimage\"},\"image\":{\"@id\":\"https:\\\/\\\/test-marcel.nl\\\/de\\\/vibae-roma-bio-suede-bosco\\\/#primaryimage\"},\"thumbnailUrl\":\"https:\\\/\\\/test-marcel.nl\\\/wp-content\\\/uploads\\\/2026\\\/03\\\/VIBAe-Roma-suede-khaki-0.jpg\",\"datePublished\":\"2026-03-12T14:50:14+00:00\",\"dateModified\":\"2026-03-16T15:13:06+00:00\",\"description\":\"Entdecken Sie den VIBAe Roma Slipper aus Wildleder Bio Bosco bei LUUKS. Ein bequemer VIBAE Roma Hausschuh aus weichem Wildleder. Kaufen Sie online oder besuchen Sie unsere Boutique in Amsterdam.\",\"breadcrumb\":{\"@id\":\"https:\\\/\\\/test-marcel.nl\\\/de\\\/vibae-roma-bio-suede-bosco\\\/#breadcrumb\"},\"inLanguage\":\"de\",\"potentialAction\":[{\"@type\":\"ReadAction\",\"target\":[\"https:\\\/\\\/test-marcel.nl\\\/de\\\/vibae-roma-bio-suede-bosco\\\/\"]}]},{\"@type\":\"ImageObject\",\"inLanguage\":\"de\",\"@id\":\"https:\\\/\\\/test-marcel.nl\\\/de\\\/vibae-roma-bio-suede-bosco\\\/#primaryimage\",\"url\":\"https:\\\/\\\/test-marcel.nl\\\/wp-content\\\/uploads\\\/2026\\\/03\\\/VIBAe-Roma-suede-khaki-0.jpg\",\"contentUrl\":\"https:\\\/\\\/test-marcel.nl\\\/wp-content\\\/uploads\\\/2026\\\/03\\\/VIBAe-Roma-suede-khaki-0.jpg\",\"width\":1000,\"height\":1000,\"caption\":\"VIBAe Roma slipper suede Bio Bosco\"},{\"@type\":\"BreadcrumbList\",\"@id\":\"https:\\\/\\\/test-marcel.nl\\\/de\\\/vibae-roma-bio-suede-bosco\\\/#breadcrumb\",\"itemListElement\":[{\"@type\":\"ListItem\",\"position\":1,\"name\":\"Home\",\"item\":\"https:\\\/\\\/test-marcel.nl\\\/\"},{\"@type\":\"ListItem\",\"position\":2,\"name\":\"Shop\",\"item\":\"https:\\\/\\\/test-marcel.nl\\\/shop\\\/\"},{\"@type\":\"ListItem\",\"position\":3,\"name\":\"VIBAe Roma suede slipper Bio Bosco\"}]},{\"@type\":\"WebSite\",\"@id\":\"https:\\\/\\\/test-marcel.nl\\\/#website\",\"url\":\"https:\\\/\\\/test-marcel.nl\\\/\",\"name\":\"LUUKS\",\"description\":\"Voor schoen- en accessoire liefhebbers die kiezen voor stijl en kwaliteit\",\"publisher\":{\"@id\":\"https:\\\/\\\/test-marcel.nl\\\/#organization\"},\"potentialAction\":[{\"@type\":\"SearchAction\",\"target\":{\"@type\":\"EntryPoint\",\"urlTemplate\":\"https:\\\/\\\/test-marcel.nl\\\/?s={search_term_string}\"},\"query-input\":{\"@type\":\"PropertyValueSpecification\",\"valueRequired\":true,\"valueName\":\"search_term_string\"}}],\"inLanguage\":\"de\"},{\"@type\":\"Organization\",\"@id\":\"https:\\\/\\\/test-marcel.nl\\\/#organization\",\"name\":\"LUUKS\",\"url\":\"https:\\\/\\\/test-marcel.nl\\\/\",\"logo\":{\"@type\":\"ImageObject\",\"inLanguage\":\"de\",\"@id\":\"https:\\\/\\\/test-marcel.nl\\\/#\\\/schema\\\/logo\\\/image\\\/\",\"url\":\"https:\\\/\\\/test-marcel.nl\\\/wp-content\\\/uploads\\\/2025\\\/11\\\/LUUKS_LOGO_Red.svg\",\"contentUrl\":\"https:\\\/\\\/test-marcel.nl\\\/wp-content\\\/uploads\\\/2025\\\/11\\\/LUUKS_LOGO_Red.svg\",\"caption\":\"LUUKS\"},\"image\":{\"@id\":\"https:\\\/\\\/test-marcel.nl\\\/#\\\/schema\\\/logo\\\/image\\\/\"}}]}<\/script>\n<!-- \/ Yoast SEO plugin. -->","yoast_head_json":{"title":"VIBAe Roma Wildleder Slipper Bio Bosco | LUUKS Amsterdam","description":"Entdecken Sie den VIBAe Roma Slipper aus Wildleder Bio Bosco bei LUUKS. Ein bequemer VIBAE Roma Hausschuh aus weichem Wildleder. Kaufen Sie online oder besuchen Sie unsere Boutique in Amsterdam.","robots":{"index":"index","follow":"follow","max-snippet":"max-snippet:-1","max-image-preview":"max-image-preview:large","max-video-preview":"max-video-preview:-1"},"canonical":"https:\/\/test-marcel.nl\/de\/vibae-roma-bio-suede-bosco\/","og_locale":"de_DE","og_type":"article","og_title":"VIBAe Roma Wildleder Slipper Bio Bosco | LUUKS Amsterdam","og_description":"Entdecken Sie den VIBAe Roma Slipper aus Wildleder Bio Bosco bei LUUKS. Ein bequemer VIBAE Roma Hausschuh aus weichem Wildleder. Kaufen Sie online oder besuchen Sie unsere Boutique in Amsterdam.","og_url":"https:\/\/test-marcel.nl\/de\/vibae-roma-bio-suede-bosco\/","og_site_name":"LUUKS","article_modified_time":"2026-03-16T15:13:06+00:00","og_image":[{"width":1000,"height":1000,"url":"https:\/\/test-marcel.nl\/wp-content\/uploads\/2026\/03\/VIBAe-Roma-suede-khaki-0.jpg","type":"image\/jpeg"}],"twitter_card":"summary_large_image","schema":{"@context":"https:\/\/schema.org","@graph":[{"@type":"WebPage","@id":"https:\/\/test-marcel.nl\/de\/vibae-roma-bio-suede-bosco\/","url":"https:\/\/test-marcel.nl\/de\/vibae-roma-bio-suede-bosco\/","name":"VIBAe Roma Wildleder Slipper Bio Bosco | LUUKS Amsterdam","isPartOf":{"@id":"https:\/\/test-marcel.nl\/#website"},"primaryImageOfPage":{"@id":"https:\/\/test-marcel.nl\/de\/vibae-roma-bio-suede-bosco\/#primaryimage"},"image":{"@id":"https:\/\/test-marcel.nl\/de\/vibae-roma-bio-suede-bosco\/#primaryimage"},"thumbnailUrl":"https:\/\/test-marcel.nl\/wp-content\/uploads\/2026\/03\/VIBAe-Roma-suede-khaki-0.jpg","datePublished":"2026-03-12T14:50:14+00:00","dateModified":"2026-03-16T15:13:06+00:00","description":"Entdecken Sie den VIBAe Roma Slipper aus Wildleder Bio Bosco bei LUUKS. Ein bequemer VIBAE Roma Hausschuh aus weichem Wildleder. Kaufen Sie online oder besuchen Sie unsere Boutique in Amsterdam.","breadcrumb":{"@id":"https:\/\/test-marcel.nl\/de\/vibae-roma-bio-suede-bosco\/#breadcrumb"},"inLanguage":"de","potentialAction":[{"@type":"ReadAction","target":["https:\/\/test-marcel.nl\/de\/vibae-roma-bio-suede-bosco\/"]}]},{"@type":"ImageObject","inLanguage":"de","@id":"https:\/\/test-marcel.nl\/de\/vibae-roma-bio-suede-bosco\/#primaryimage","url":"https:\/\/test-marcel.nl\/wp-content\/uploads\/2026\/03\/VIBAe-Roma-suede-khaki-0.jpg","contentUrl":"https:\/\/test-marcel.nl\/wp-content\/uploads\/2026\/03\/VIBAe-Roma-suede-khaki-0.jpg","width":1000,"height":1000,"caption":"VIBAe Roma slipper suede Bio Bosco"},{"@type":"BreadcrumbList","@id":"https:\/\/test-marcel.nl\/de\/vibae-roma-bio-suede-bosco\/#breadcrumb","itemListElement":[{"@type":"ListItem","position":1,"name":"Home","item":"https:\/\/test-marcel.nl\/"},{"@type":"ListItem","position":2,"name":"Shop","item":"https:\/\/test-marcel.nl\/shop\/"},{"@type":"ListItem","position":3,"name":"VIBAe Roma suede slipper Bio Bosco"}]},{"@type":"WebSite","@id":"https:\/\/test-marcel.nl\/#website","url":"https:\/\/test-marcel.nl\/","name":"LUUKS","description":"Voor schoen- en accessoire liefhebbers die kiezen voor stijl en kwaliteit","publisher":{"@id":"https:\/\/test-marcel.nl\/#organization"},"potentialAction":[{"@type":"SearchAction","target":{"@type":"EntryPoint","urlTemplate":"https:\/\/test-marcel.nl\/?s={search_term_string}"},"query-input":{"@type":"PropertyValueSpecification","valueRequired":true,"valueName":"search_term_string"}}],"inLanguage":"de"},{"@type":"Organization","@id":"https:\/\/test-marcel.nl\/#organization","name":"LUUKS","url":"https:\/\/test-marcel.nl\/","logo":{"@type":"ImageObject","inLanguage":"de","@id":"https:\/\/test-marcel.nl\/#\/schema\/logo\/image\/","url":"https:\/\/test-marcel.nl\/wp-content\/uploads\/2025\/11\/LUUKS_LOGO_Red.svg","contentUrl":"https:\/\/test-marcel.nl\/wp-content\/uploads\/2025\/11\/LUUKS_LOGO_Red.svg","caption":"LUUKS"},"image":{"@id":"https:\/\/test-marcel.nl\/#\/schema\/logo\/image\/"}}]}},"_links":{"self":[{"href":"https:\/\/test-marcel.nl\/de\/wp-json\/wp\/v2\/product\/22389","targetHints":{"allow":["GET"]}}],"collection":[{"href":"https:\/\/test-marcel.nl\/de\/wp-json\/wp\/v2\/product"}],"about":[{"href":"https:\/\/test-marcel.nl\/de\/wp-json\/wp\/v2\/types\/product"}],"wp:featuredmedia":[{"embeddable":true,"href":"https:\/\/test-marcel.nl\/de\/wp-json\/wp\/v2\/media\/22678"}],"wp:attachment":[{"href":"https:\/\/test-marcel.nl\/de\/wp-json\/wp\/v2\/media?parent=22389"}],"wp:term":[{"taxonomy":"product_brand","embeddable":true,"href":"https:\/\/test-marcel.nl\/de\/wp-json\/wp\/v2\/product_brand?post=22389"},{"taxonomy":"product_cat","embeddable":true,"href":"https:\/\/test-marcel.nl\/de\/wp-json\/wp\/v2\/product_cat?post=22389"},{"taxonomy":"product_tag","embeddable":true,"href":"https:\/\/test-marcel.nl\/de\/wp-json\/wp\/v2\/product_tag?post=22389"}],"curies":[{"name":"wp","href":"https:\/\/api.w.org\/{rel}","templated":true}]}}