{"id":16286,"date":"2026-01-13T11:17:49","date_gmt":"2026-01-13T10:17:49","guid":{"rendered":"https:\/\/test-marcel.nl\/rosa-maria-begum-sbl\/"},"modified":"2026-01-23T14:51:52","modified_gmt":"2026-01-23T13:51:52","slug":"rosa-maria-begum-sbl","status":"publish","type":"product","link":"https:\/\/test-marcel.nl\/de\/rosa-maria-begum-sbl\/","title":{"rendered":"Rosa Maria \u2013 Begum SBL"},"content":{"rendered":"<p><strong> <\/strong><\/p>\n","protected":false},"excerpt":{"rendered":"<p>Silberner Begum-Ring mit 1 Serpentin von 3,83 kt, umgeben von 29 Saphiren von 0,34 kt<\/p>\n<p>Jeder Rosa Maria Ring ist f\u00fcr sich schon wundersch\u00f6n, aber zusammen entstehen unendlich viele einzigartige Kombinationen.<\/p>\n<p>Ist Ihre Gr\u00f6\u00dfe nicht dabei? Kein Problem. Wir k\u00f6nnen alle Ringe speziell in Ihrer Gr\u00f6\u00dfe bestellen. Die Lieferzeit betr\u00e4gt ca. 4\u20136 Wochen.   <\/p>\n<p>Sie zweifeln an einem Schmuckst\u00fcck? Nehmen Sie gerne Kontakt mit uns auf \u2013 wir helfen Ihnen gerne. Online gekaufte Schmuckst\u00fccke k\u00f6nnen leider nicht zur\u00fcckgegeben oder umgetauscht werden.  <\/p>\n","protected":false},"featured_media":16288,"template":"","meta":{"site-sidebar-layout":"default","site-content-layout":"","ast-site-content-layout":"default","site-content-style":"default","site-sidebar-style":"default","ast-global-header-display":"","ast-banner-title-visibility":"","ast-main-header-display":"","ast-hfb-above-header-display":"","ast-hfb-below-header-display":"","ast-hfb-mobile-header-display":"","site-post-title":"","ast-breadcrumbs-content":"","ast-featured-img":"","footer-sml-layout":"","ast-disable-related-posts":"","theme-transparent-header-meta":"default","adv-header-id-meta":"","stick-header-meta":"default","header-above-stick-meta":"","header-main-stick-meta":"","header-below-stick-meta":"","astra-migrate-meta-layouts":"default","ast-page-background-enabled":"default","ast-page-background-meta":{"desktop":{"background-color":"var(--ast-global-color-4)","background-image":"","background-repeat":"repeat","background-position":"center center","background-size":"auto","background-attachment":"scroll","background-type":"","background-media":"","overlay-type":"","overlay-color":"","overlay-opacity":"","overlay-gradient":""},"tablet":{"background-color":"","background-image":"","background-repeat":"repeat","background-position":"center center","background-size":"auto","background-attachment":"scroll","background-type":"","background-media":"","overlay-type":"","overlay-color":"","overlay-opacity":"","overlay-gradient":""},"mobile":{"background-color":"","background-image":"","background-repeat":"repeat","background-position":"center center","background-size":"auto","background-attachment":"scroll","background-type":"","background-media":"","overlay-type":"","overlay-color":"","overlay-opacity":"","overlay-gradient":""}},"ast-content-background-meta":{"desktop":{"background-color":"var(--ast-global-color-5)","background-image":"","background-repeat":"repeat","background-position":"center center","background-size":"auto","background-attachment":"scroll","background-type":"","background-media":"","overlay-type":"","overlay-color":"","overlay-opacity":"","overlay-gradient":""},"tablet":{"background-color":"var(--ast-global-color-5)","background-image":"","background-repeat":"repeat","background-position":"center center","background-size":"auto","background-attachment":"scroll","background-type":"","background-media":"","overlay-type":"","overlay-color":"","overlay-opacity":"","overlay-gradient":""},"mobile":{"background-color":"var(--ast-global-color-5)","background-image":"","background-repeat":"repeat","background-position":"center center","background-size":"auto","background-attachment":"scroll","background-type":"","background-media":"","overlay-type":"","overlay-color":"","overlay-opacity":"","overlay-gradient":""}}},"product_brand":[1793],"product_cat":[717,655,939],"product_tag":[],"class_list":{"0":"post-16286","1":"product","2":"type-product","3":"status-publish","4":"has-post-thumbnail","6":"product_brand-rosa-maria","7":"product_cat-accessoires-damen","8":"product_cat-damen","9":"product_cat-schmuck-damen","10":"pa_kleur-silber-sbl-srp","11":"pa_seizoen-hw2022","12":"desktop-align-center","13":"tablet-align-center","14":"mobile-align-center","15":"ast-product-gallery-layout-vertical","16":"ast-product-single-variable","18":"first","19":"instock","20":"taxable","21":"shipping-taxable","22":"purchasable","23":"product-type-variable","24":"has-default-attributes"},"yoast_head":"<!-- This site is optimized with the Yoast SEO plugin v27.4 - https:\/\/yoast.com\/product\/yoast-seo-wordpress\/ -->\n<title>Rosa Maria \u2013 Begum SBL - LUUKS<\/title>\n<meta name=\"robots\" content=\"index, follow, max-snippet:-1, max-image-preview:large, max-video-preview:-1\" \/>\n<link rel=\"canonical\" href=\"https:\/\/test-marcel.nl\/de\/rosa-maria-begum-sbl\/\" \/>\n<meta property=\"og:locale\" content=\"de_DE\" \/>\n<meta property=\"og:type\" content=\"article\" \/>\n<meta property=\"og:title\" content=\"Rosa Maria \u2013 Begum SBL - LUUKS\" \/>\n<meta property=\"og:description\" content=\"Silberner Begum-Ring mit 1 Serpentin von 3,83 kt, umgeben von 29 Saphiren von 0,34 kt Jeder Rosa Maria Ring ist f\u00fcr sich schon wundersch\u00f6n, aber zusammen entstehen unendlich viele einzigartige Kombinationen. Ist Ihre Gr\u00f6\u00dfe nicht dabei? Kein Problem. Wir k\u00f6nnen alle Ringe speziell in Ihrer Gr\u00f6\u00dfe bestellen. Die Lieferzeit betr\u00e4gt ca. 4\u20136 Wochen.   Sie zweifeln an einem Schmuckst\u00fcck? Nehmen Sie gerne Kontakt mit uns auf \u2013 wir helfen Ihnen gerne. Online gekaufte Schmuckst\u00fccke k\u00f6nnen leider nicht zur\u00fcckgegeben oder umgetauscht werden.\" \/>\n<meta property=\"og:url\" content=\"https:\/\/test-marcel.nl\/de\/rosa-maria-begum-sbl\/\" \/>\n<meta property=\"og:site_name\" content=\"LUUKS\" \/>\n<meta property=\"article:modified_time\" content=\"2026-01-23T13:51:52+00:00\" \/>\n<meta property=\"og:image\" content=\"https:\/\/test-marcel.nl\/wp-content\/uploads\/2025\/12\/RosaMaria-Begum-0-1.jpg\" \/>\n\t<meta property=\"og:image:width\" content=\"600\" \/>\n\t<meta property=\"og:image:height\" content=\"600\" \/>\n\t<meta property=\"og:image:type\" content=\"image\/jpeg\" \/>\n<meta name=\"twitter:card\" content=\"summary_large_image\" \/>\n<script type=\"application\/ld+json\" class=\"yoast-schema-graph\">{\"@context\":\"https:\\\/\\\/schema.org\",\"@graph\":[{\"@type\":\"WebPage\",\"@id\":\"https:\\\/\\\/test-marcel.nl\\\/de\\\/rosa-maria-begum-sbl\\\/\",\"url\":\"https:\\\/\\\/test-marcel.nl\\\/de\\\/rosa-maria-begum-sbl\\\/\",\"name\":\"Rosa Maria \u2013 Begum SBL - LUUKS\",\"isPartOf\":{\"@id\":\"https:\\\/\\\/test-marcel.nl\\\/#website\"},\"primaryImageOfPage\":{\"@id\":\"https:\\\/\\\/test-marcel.nl\\\/de\\\/rosa-maria-begum-sbl\\\/#primaryimage\"},\"image\":{\"@id\":\"https:\\\/\\\/test-marcel.nl\\\/de\\\/rosa-maria-begum-sbl\\\/#primaryimage\"},\"thumbnailUrl\":\"https:\\\/\\\/test-marcel.nl\\\/wp-content\\\/uploads\\\/2025\\\/12\\\/RosaMaria-Begum-0-1.jpg\",\"datePublished\":\"2026-01-13T10:17:49+00:00\",\"dateModified\":\"2026-01-23T13:51:52+00:00\",\"breadcrumb\":{\"@id\":\"https:\\\/\\\/test-marcel.nl\\\/de\\\/rosa-maria-begum-sbl\\\/#breadcrumb\"},\"inLanguage\":\"de\",\"potentialAction\":[{\"@type\":\"ReadAction\",\"target\":[\"https:\\\/\\\/test-marcel.nl\\\/de\\\/rosa-maria-begum-sbl\\\/\"]}]},{\"@type\":\"ImageObject\",\"inLanguage\":\"de\",\"@id\":\"https:\\\/\\\/test-marcel.nl\\\/de\\\/rosa-maria-begum-sbl\\\/#primaryimage\",\"url\":\"https:\\\/\\\/test-marcel.nl\\\/wp-content\\\/uploads\\\/2025\\\/12\\\/RosaMaria-Begum-0-1.jpg\",\"contentUrl\":\"https:\\\/\\\/test-marcel.nl\\\/wp-content\\\/uploads\\\/2025\\\/12\\\/RosaMaria-Begum-0-1.jpg\",\"width\":600,\"height\":600},{\"@type\":\"BreadcrumbList\",\"@id\":\"https:\\\/\\\/test-marcel.nl\\\/de\\\/rosa-maria-begum-sbl\\\/#breadcrumb\",\"itemListElement\":[{\"@type\":\"ListItem\",\"position\":1,\"name\":\"Home\",\"item\":\"https:\\\/\\\/test-marcel.nl\\\/\"},{\"@type\":\"ListItem\",\"position\":2,\"name\":\"Shop\",\"item\":\"https:\\\/\\\/test-marcel.nl\\\/shop\\\/\"},{\"@type\":\"ListItem\",\"position\":3,\"name\":\"Rosa Maria \u2013 Begum SBL\"}]},{\"@type\":\"WebSite\",\"@id\":\"https:\\\/\\\/test-marcel.nl\\\/#website\",\"url\":\"https:\\\/\\\/test-marcel.nl\\\/\",\"name\":\"LUUKS\",\"description\":\"Voor schoen- en accessoire liefhebbers die kiezen voor stijl en kwaliteit\",\"publisher\":{\"@id\":\"https:\\\/\\\/test-marcel.nl\\\/#organization\"},\"potentialAction\":[{\"@type\":\"SearchAction\",\"target\":{\"@type\":\"EntryPoint\",\"urlTemplate\":\"https:\\\/\\\/test-marcel.nl\\\/?s={search_term_string}\"},\"query-input\":{\"@type\":\"PropertyValueSpecification\",\"valueRequired\":true,\"valueName\":\"search_term_string\"}}],\"inLanguage\":\"de\"},{\"@type\":\"Organization\",\"@id\":\"https:\\\/\\\/test-marcel.nl\\\/#organization\",\"name\":\"LUUKS\",\"url\":\"https:\\\/\\\/test-marcel.nl\\\/\",\"logo\":{\"@type\":\"ImageObject\",\"inLanguage\":\"de\",\"@id\":\"https:\\\/\\\/test-marcel.nl\\\/#\\\/schema\\\/logo\\\/image\\\/\",\"url\":\"https:\\\/\\\/test-marcel.nl\\\/wp-content\\\/uploads\\\/2025\\\/11\\\/LUUKS_LOGO_Red.svg\",\"contentUrl\":\"https:\\\/\\\/test-marcel.nl\\\/wp-content\\\/uploads\\\/2025\\\/11\\\/LUUKS_LOGO_Red.svg\",\"caption\":\"LUUKS\"},\"image\":{\"@id\":\"https:\\\/\\\/test-marcel.nl\\\/#\\\/schema\\\/logo\\\/image\\\/\"}}]}<\/script>\n<!-- \/ Yoast SEO plugin. -->","yoast_head_json":{"title":"Rosa Maria \u2013 Begum SBL - LUUKS","robots":{"index":"index","follow":"follow","max-snippet":"max-snippet:-1","max-image-preview":"max-image-preview:large","max-video-preview":"max-video-preview:-1"},"canonical":"https:\/\/test-marcel.nl\/de\/rosa-maria-begum-sbl\/","og_locale":"de_DE","og_type":"article","og_title":"Rosa Maria \u2013 Begum SBL - LUUKS","og_description":"Silberner Begum-Ring mit 1 Serpentin von 3,83 kt, umgeben von 29 Saphiren von 0,34 kt Jeder Rosa Maria Ring ist f\u00fcr sich schon wundersch\u00f6n, aber zusammen entstehen unendlich viele einzigartige Kombinationen. Ist Ihre Gr\u00f6\u00dfe nicht dabei? Kein Problem. Wir k\u00f6nnen alle Ringe speziell in Ihrer Gr\u00f6\u00dfe bestellen. Die Lieferzeit betr\u00e4gt ca. 4\u20136 Wochen.   Sie zweifeln an einem Schmuckst\u00fcck? Nehmen Sie gerne Kontakt mit uns auf \u2013 wir helfen Ihnen gerne. Online gekaufte Schmuckst\u00fccke k\u00f6nnen leider nicht zur\u00fcckgegeben oder umgetauscht werden.","og_url":"https:\/\/test-marcel.nl\/de\/rosa-maria-begum-sbl\/","og_site_name":"LUUKS","article_modified_time":"2026-01-23T13:51:52+00:00","og_image":[{"width":600,"height":600,"url":"https:\/\/test-marcel.nl\/wp-content\/uploads\/2025\/12\/RosaMaria-Begum-0-1.jpg","type":"image\/jpeg"}],"twitter_card":"summary_large_image","schema":{"@context":"https:\/\/schema.org","@graph":[{"@type":"WebPage","@id":"https:\/\/test-marcel.nl\/de\/rosa-maria-begum-sbl\/","url":"https:\/\/test-marcel.nl\/de\/rosa-maria-begum-sbl\/","name":"Rosa Maria \u2013 Begum SBL - LUUKS","isPartOf":{"@id":"https:\/\/test-marcel.nl\/#website"},"primaryImageOfPage":{"@id":"https:\/\/test-marcel.nl\/de\/rosa-maria-begum-sbl\/#primaryimage"},"image":{"@id":"https:\/\/test-marcel.nl\/de\/rosa-maria-begum-sbl\/#primaryimage"},"thumbnailUrl":"https:\/\/test-marcel.nl\/wp-content\/uploads\/2025\/12\/RosaMaria-Begum-0-1.jpg","datePublished":"2026-01-13T10:17:49+00:00","dateModified":"2026-01-23T13:51:52+00:00","breadcrumb":{"@id":"https:\/\/test-marcel.nl\/de\/rosa-maria-begum-sbl\/#breadcrumb"},"inLanguage":"de","potentialAction":[{"@type":"ReadAction","target":["https:\/\/test-marcel.nl\/de\/rosa-maria-begum-sbl\/"]}]},{"@type":"ImageObject","inLanguage":"de","@id":"https:\/\/test-marcel.nl\/de\/rosa-maria-begum-sbl\/#primaryimage","url":"https:\/\/test-marcel.nl\/wp-content\/uploads\/2025\/12\/RosaMaria-Begum-0-1.jpg","contentUrl":"https:\/\/test-marcel.nl\/wp-content\/uploads\/2025\/12\/RosaMaria-Begum-0-1.jpg","width":600,"height":600},{"@type":"BreadcrumbList","@id":"https:\/\/test-marcel.nl\/de\/rosa-maria-begum-sbl\/#breadcrumb","itemListElement":[{"@type":"ListItem","position":1,"name":"Home","item":"https:\/\/test-marcel.nl\/"},{"@type":"ListItem","position":2,"name":"Shop","item":"https:\/\/test-marcel.nl\/shop\/"},{"@type":"ListItem","position":3,"name":"Rosa Maria \u2013 Begum SBL"}]},{"@type":"WebSite","@id":"https:\/\/test-marcel.nl\/#website","url":"https:\/\/test-marcel.nl\/","name":"LUUKS","description":"Voor schoen- en accessoire liefhebbers die kiezen voor stijl en kwaliteit","publisher":{"@id":"https:\/\/test-marcel.nl\/#organization"},"potentialAction":[{"@type":"SearchAction","target":{"@type":"EntryPoint","urlTemplate":"https:\/\/test-marcel.nl\/?s={search_term_string}"},"query-input":{"@type":"PropertyValueSpecification","valueRequired":true,"valueName":"search_term_string"}}],"inLanguage":"de"},{"@type":"Organization","@id":"https:\/\/test-marcel.nl\/#organization","name":"LUUKS","url":"https:\/\/test-marcel.nl\/","logo":{"@type":"ImageObject","inLanguage":"de","@id":"https:\/\/test-marcel.nl\/#\/schema\/logo\/image\/","url":"https:\/\/test-marcel.nl\/wp-content\/uploads\/2025\/11\/LUUKS_LOGO_Red.svg","contentUrl":"https:\/\/test-marcel.nl\/wp-content\/uploads\/2025\/11\/LUUKS_LOGO_Red.svg","caption":"LUUKS"},"image":{"@id":"https:\/\/test-marcel.nl\/#\/schema\/logo\/image\/"}}]}},"_links":{"self":[{"href":"https:\/\/test-marcel.nl\/de\/wp-json\/wp\/v2\/product\/16286","targetHints":{"allow":["GET"]}}],"collection":[{"href":"https:\/\/test-marcel.nl\/de\/wp-json\/wp\/v2\/product"}],"about":[{"href":"https:\/\/test-marcel.nl\/de\/wp-json\/wp\/v2\/types\/product"}],"wp:featuredmedia":[{"embeddable":true,"href":"https:\/\/test-marcel.nl\/de\/wp-json\/wp\/v2\/media\/16288"}],"wp:attachment":[{"href":"https:\/\/test-marcel.nl\/de\/wp-json\/wp\/v2\/media?parent=16286"}],"wp:term":[{"taxonomy":"product_brand","embeddable":true,"href":"https:\/\/test-marcel.nl\/de\/wp-json\/wp\/v2\/product_brand?post=16286"},{"taxonomy":"product_cat","embeddable":true,"href":"https:\/\/test-marcel.nl\/de\/wp-json\/wp\/v2\/product_cat?post=16286"},{"taxonomy":"product_tag","embeddable":true,"href":"https:\/\/test-marcel.nl\/de\/wp-json\/wp\/v2\/product_tag?post=16286"}],"curies":[{"name":"wp","href":"https:\/\/api.w.org\/{rel}","templated":true}]}}