{"id":15152,"date":"2025-12-11T16:16:42","date_gmt":"2025-12-11T15:16:42","guid":{"rendered":"https:\/\/test-marcel.nl\/rosa-maria-angela-s-st-dia-ig\/"},"modified":"2026-01-23T13:46:34","modified_gmt":"2026-01-23T12:46:34","slug":"rosa-maria-angela-s-st-dia-ig","status":"publish","type":"product","link":"https:\/\/test-marcel.nl\/de\/rosa-maria-angela-s-st-dia-ig\/","title":{"rendered":"Rosa Maria \u2013 Angela S ST Dia IG"},"content":{"rendered":"<p><strong> <\/strong><\/p>\n","protected":false},"excerpt":{"rendered":"<div class=\"detailBox\">\n<p>Rosa Maria silberner Angela Ring mit 26 silbergrauen Diamanten (0,13 ct)<\/p>\n<p>Bei allen Rosa Maria Ringen sind endlose Kombinationen m\u00f6glich. Die Kombination auf dem Stein ist beispielsweise der schlichte silberne Angela mit dem Angela mit silbernen Diamanten in der Mitte. Jeder Rosa Maria Ring ist f\u00fcr sich wundersch\u00f6n, aber zusammen entstehen unendlich viele einzigartige Kombinationen.  <\/p>\n<p>Ist Ihre Gr\u00f6\u00dfe nicht dabei? Kein Problem. Wir k\u00f6nnen alle Ringe speziell in Ihrer Gr\u00f6\u00dfe bestellen. Die Lieferzeit betr\u00e4gt ca. 4\u20136 Wochen.   <\/p>\n<p>Sie zweifeln an einem Schmuckst\u00fcck? Nehmen Sie gerne Kontakt mit uns auf \u2013 wir helfen Ihnen gerne. Online gekaufte Schmuckst\u00fccke k\u00f6nnen leider nicht zur\u00fcckgegeben oder umgetauscht werden.  <\/p>\n<\/div>\n","protected":false},"featured_media":15161,"template":"","meta":{"site-sidebar-layout":"default","site-content-layout":"","ast-site-content-layout":"default","site-content-style":"default","site-sidebar-style":"default","ast-global-header-display":"","ast-banner-title-visibility":"","ast-main-header-display":"","ast-hfb-above-header-display":"","ast-hfb-below-header-display":"","ast-hfb-mobile-header-display":"","site-post-title":"","ast-breadcrumbs-content":"","ast-featured-img":"","footer-sml-layout":"","ast-disable-related-posts":"","theme-transparent-header-meta":"default","adv-header-id-meta":"","stick-header-meta":"default","header-above-stick-meta":"","header-main-stick-meta":"","header-below-stick-meta":"","astra-migrate-meta-layouts":"default","ast-page-background-enabled":"default","ast-page-background-meta":{"desktop":{"background-color":"var(--ast-global-color-4)","background-image":"","background-repeat":"repeat","background-position":"center center","background-size":"auto","background-attachment":"scroll","background-type":"","background-media":"","overlay-type":"","overlay-color":"","overlay-opacity":"","overlay-gradient":""},"tablet":{"background-color":"","background-image":"","background-repeat":"repeat","background-position":"center center","background-size":"auto","background-attachment":"scroll","background-type":"","background-media":"","overlay-type":"","overlay-color":"","overlay-opacity":"","overlay-gradient":""},"mobile":{"background-color":"","background-image":"","background-repeat":"repeat","background-position":"center center","background-size":"auto","background-attachment":"scroll","background-type":"","background-media":"","overlay-type":"","overlay-color":"","overlay-opacity":"","overlay-gradient":""}},"ast-content-background-meta":{"desktop":{"background-color":"var(--ast-global-color-5)","background-image":"","background-repeat":"repeat","background-position":"center center","background-size":"auto","background-attachment":"scroll","background-type":"","background-media":"","overlay-type":"","overlay-color":"","overlay-opacity":"","overlay-gradient":""},"tablet":{"background-color":"var(--ast-global-color-5)","background-image":"","background-repeat":"repeat","background-position":"center center","background-size":"auto","background-attachment":"scroll","background-type":"","background-media":"","overlay-type":"","overlay-color":"","overlay-opacity":"","overlay-gradient":""},"mobile":{"background-color":"var(--ast-global-color-5)","background-image":"","background-repeat":"repeat","background-position":"center center","background-size":"auto","background-attachment":"scroll","background-type":"","background-media":"","overlay-type":"","overlay-color":"","overlay-opacity":"","overlay-gradient":""}}},"product_brand":[1793],"product_cat":[717,655,939],"product_tag":[],"class_list":{"0":"post-15152","1":"product","2":"type-product","3":"status-publish","4":"has-post-thumbnail","6":"product_brand-rosa-maria","7":"product_cat-accessoires-damen","8":"product_cat-damen","9":"product_cat-schmuck-damen","10":"pa_kleur-silber","11":"pa_maat-1109","12":"pa_maat-938","13":"pa_seizoen-lz2025","14":"desktop-align-center","15":"tablet-align-center","16":"mobile-align-center","17":"ast-product-gallery-layout-vertical","18":"ast-product-single-variable","20":"first","21":"instock","22":"taxable","23":"shipping-taxable","24":"purchasable","25":"product-type-variable"},"yoast_head":"<!-- This site is optimized with the Yoast SEO plugin v27.4 - https:\/\/yoast.com\/product\/yoast-seo-wordpress\/ -->\n<title>Rosa Maria - Angela S ST Dia IG - LUUKS<\/title>\n<meta name=\"robots\" content=\"index, follow, max-snippet:-1, max-image-preview:large, max-video-preview:-1\" \/>\n<link rel=\"canonical\" href=\"https:\/\/test-marcel.nl\/de\/rosa-maria-angela-s-st-dia-ig\/\" \/>\n<meta property=\"og:locale\" content=\"de_DE\" \/>\n<meta property=\"og:type\" content=\"article\" \/>\n<meta property=\"og:title\" content=\"Rosa Maria - Angela S ST Dia IG - LUUKS\" \/>\n<meta property=\"og:description\" content=\"Rosa Maria silberner Angela Ring mit 26 silbergrauen Diamanten (0,13 ct) Bei allen Rosa Maria Ringen sind endlose Kombinationen m\u00f6glich. Die Kombination auf dem Stein ist beispielsweise der schlichte silberne Angela mit dem Angela mit silbernen Diamanten in der Mitte. Jeder Rosa Maria Ring ist f\u00fcr sich wundersch\u00f6n, aber zusammen entstehen unendlich viele einzigartige Kombinationen.  Ist Ihre Gr\u00f6\u00dfe nicht dabei? Kein Problem. Wir k\u00f6nnen alle Ringe speziell in Ihrer Gr\u00f6\u00dfe bestellen. Die Lieferzeit betr\u00e4gt ca. 4\u20136 Wochen.   Sie zweifeln an einem Schmuckst\u00fcck? Nehmen Sie gerne Kontakt mit uns auf \u2013 wir helfen Ihnen gerne. Online gekaufte Schmuckst\u00fccke k\u00f6nnen leider nicht zur\u00fcckgegeben oder umgetauscht werden.\" \/>\n<meta property=\"og:url\" content=\"https:\/\/test-marcel.nl\/de\/rosa-maria-angela-s-st-dia-ig\/\" \/>\n<meta property=\"og:site_name\" content=\"LUUKS\" \/>\n<meta property=\"article:modified_time\" content=\"2026-01-23T12:46:34+00:00\" \/>\n<meta property=\"og:image\" content=\"https:\/\/test-marcel.nl\/wp-content\/uploads\/2025\/12\/RosaMaria-Angela-dia-0-1.jpg\" \/>\n\t<meta property=\"og:image:width\" content=\"1000\" \/>\n\t<meta property=\"og:image:height\" content=\"1000\" \/>\n\t<meta property=\"og:image:type\" content=\"image\/jpeg\" \/>\n<meta name=\"twitter:card\" content=\"summary_large_image\" \/>\n<script type=\"application\/ld+json\" class=\"yoast-schema-graph\">{\"@context\":\"https:\\\/\\\/schema.org\",\"@graph\":[{\"@type\":\"WebPage\",\"@id\":\"https:\\\/\\\/test-marcel.nl\\\/de\\\/rosa-maria-angela-s-st-dia-ig\\\/\",\"url\":\"https:\\\/\\\/test-marcel.nl\\\/de\\\/rosa-maria-angela-s-st-dia-ig\\\/\",\"name\":\"Rosa Maria - Angela S ST Dia IG - LUUKS\",\"isPartOf\":{\"@id\":\"https:\\\/\\\/test-marcel.nl\\\/#website\"},\"primaryImageOfPage\":{\"@id\":\"https:\\\/\\\/test-marcel.nl\\\/de\\\/rosa-maria-angela-s-st-dia-ig\\\/#primaryimage\"},\"image\":{\"@id\":\"https:\\\/\\\/test-marcel.nl\\\/de\\\/rosa-maria-angela-s-st-dia-ig\\\/#primaryimage\"},\"thumbnailUrl\":\"https:\\\/\\\/test-marcel.nl\\\/wp-content\\\/uploads\\\/2025\\\/12\\\/RosaMaria-Angela-dia-0-1.jpg\",\"datePublished\":\"2025-12-11T15:16:42+00:00\",\"dateModified\":\"2026-01-23T12:46:34+00:00\",\"breadcrumb\":{\"@id\":\"https:\\\/\\\/test-marcel.nl\\\/de\\\/rosa-maria-angela-s-st-dia-ig\\\/#breadcrumb\"},\"inLanguage\":\"de\",\"potentialAction\":[{\"@type\":\"ReadAction\",\"target\":[\"https:\\\/\\\/test-marcel.nl\\\/de\\\/rosa-maria-angela-s-st-dia-ig\\\/\"]}]},{\"@type\":\"ImageObject\",\"inLanguage\":\"de\",\"@id\":\"https:\\\/\\\/test-marcel.nl\\\/de\\\/rosa-maria-angela-s-st-dia-ig\\\/#primaryimage\",\"url\":\"https:\\\/\\\/test-marcel.nl\\\/wp-content\\\/uploads\\\/2025\\\/12\\\/RosaMaria-Angela-dia-0-1.jpg\",\"contentUrl\":\"https:\\\/\\\/test-marcel.nl\\\/wp-content\\\/uploads\\\/2025\\\/12\\\/RosaMaria-Angela-dia-0-1.jpg\",\"width\":1000,\"height\":1000},{\"@type\":\"BreadcrumbList\",\"@id\":\"https:\\\/\\\/test-marcel.nl\\\/de\\\/rosa-maria-angela-s-st-dia-ig\\\/#breadcrumb\",\"itemListElement\":[{\"@type\":\"ListItem\",\"position\":1,\"name\":\"Home\",\"item\":\"https:\\\/\\\/test-marcel.nl\\\/\"},{\"@type\":\"ListItem\",\"position\":2,\"name\":\"Shop\",\"item\":\"https:\\\/\\\/test-marcel.nl\\\/shop\\\/\"},{\"@type\":\"ListItem\",\"position\":3,\"name\":\"Rosa Maria \u2013 Angela S ST Dia IG\"}]},{\"@type\":\"WebSite\",\"@id\":\"https:\\\/\\\/test-marcel.nl\\\/#website\",\"url\":\"https:\\\/\\\/test-marcel.nl\\\/\",\"name\":\"LUUKS\",\"description\":\"Voor schoen- en accessoire liefhebbers die kiezen voor stijl en kwaliteit\",\"publisher\":{\"@id\":\"https:\\\/\\\/test-marcel.nl\\\/#organization\"},\"potentialAction\":[{\"@type\":\"SearchAction\",\"target\":{\"@type\":\"EntryPoint\",\"urlTemplate\":\"https:\\\/\\\/test-marcel.nl\\\/?s={search_term_string}\"},\"query-input\":{\"@type\":\"PropertyValueSpecification\",\"valueRequired\":true,\"valueName\":\"search_term_string\"}}],\"inLanguage\":\"de\"},{\"@type\":\"Organization\",\"@id\":\"https:\\\/\\\/test-marcel.nl\\\/#organization\",\"name\":\"LUUKS\",\"url\":\"https:\\\/\\\/test-marcel.nl\\\/\",\"logo\":{\"@type\":\"ImageObject\",\"inLanguage\":\"de\",\"@id\":\"https:\\\/\\\/test-marcel.nl\\\/#\\\/schema\\\/logo\\\/image\\\/\",\"url\":\"https:\\\/\\\/test-marcel.nl\\\/wp-content\\\/uploads\\\/2025\\\/11\\\/LUUKS_LOGO_Red.svg\",\"contentUrl\":\"https:\\\/\\\/test-marcel.nl\\\/wp-content\\\/uploads\\\/2025\\\/11\\\/LUUKS_LOGO_Red.svg\",\"caption\":\"LUUKS\"},\"image\":{\"@id\":\"https:\\\/\\\/test-marcel.nl\\\/#\\\/schema\\\/logo\\\/image\\\/\"}}]}<\/script>\n<!-- \/ Yoast SEO plugin. -->","yoast_head_json":{"title":"Rosa Maria - Angela S ST Dia IG - LUUKS","robots":{"index":"index","follow":"follow","max-snippet":"max-snippet:-1","max-image-preview":"max-image-preview:large","max-video-preview":"max-video-preview:-1"},"canonical":"https:\/\/test-marcel.nl\/de\/rosa-maria-angela-s-st-dia-ig\/","og_locale":"de_DE","og_type":"article","og_title":"Rosa Maria - Angela S ST Dia IG - LUUKS","og_description":"Rosa Maria silberner Angela Ring mit 26 silbergrauen Diamanten (0,13 ct) Bei allen Rosa Maria Ringen sind endlose Kombinationen m\u00f6glich. Die Kombination auf dem Stein ist beispielsweise der schlichte silberne Angela mit dem Angela mit silbernen Diamanten in der Mitte. Jeder Rosa Maria Ring ist f\u00fcr sich wundersch\u00f6n, aber zusammen entstehen unendlich viele einzigartige Kombinationen.  Ist Ihre Gr\u00f6\u00dfe nicht dabei? Kein Problem. Wir k\u00f6nnen alle Ringe speziell in Ihrer Gr\u00f6\u00dfe bestellen. Die Lieferzeit betr\u00e4gt ca. 4\u20136 Wochen.   Sie zweifeln an einem Schmuckst\u00fcck? Nehmen Sie gerne Kontakt mit uns auf \u2013 wir helfen Ihnen gerne. Online gekaufte Schmuckst\u00fccke k\u00f6nnen leider nicht zur\u00fcckgegeben oder umgetauscht werden.","og_url":"https:\/\/test-marcel.nl\/de\/rosa-maria-angela-s-st-dia-ig\/","og_site_name":"LUUKS","article_modified_time":"2026-01-23T12:46:34+00:00","og_image":[{"width":1000,"height":1000,"url":"https:\/\/test-marcel.nl\/wp-content\/uploads\/2025\/12\/RosaMaria-Angela-dia-0-1.jpg","type":"image\/jpeg"}],"twitter_card":"summary_large_image","schema":{"@context":"https:\/\/schema.org","@graph":[{"@type":"WebPage","@id":"https:\/\/test-marcel.nl\/de\/rosa-maria-angela-s-st-dia-ig\/","url":"https:\/\/test-marcel.nl\/de\/rosa-maria-angela-s-st-dia-ig\/","name":"Rosa Maria - Angela S ST Dia IG - LUUKS","isPartOf":{"@id":"https:\/\/test-marcel.nl\/#website"},"primaryImageOfPage":{"@id":"https:\/\/test-marcel.nl\/de\/rosa-maria-angela-s-st-dia-ig\/#primaryimage"},"image":{"@id":"https:\/\/test-marcel.nl\/de\/rosa-maria-angela-s-st-dia-ig\/#primaryimage"},"thumbnailUrl":"https:\/\/test-marcel.nl\/wp-content\/uploads\/2025\/12\/RosaMaria-Angela-dia-0-1.jpg","datePublished":"2025-12-11T15:16:42+00:00","dateModified":"2026-01-23T12:46:34+00:00","breadcrumb":{"@id":"https:\/\/test-marcel.nl\/de\/rosa-maria-angela-s-st-dia-ig\/#breadcrumb"},"inLanguage":"de","potentialAction":[{"@type":"ReadAction","target":["https:\/\/test-marcel.nl\/de\/rosa-maria-angela-s-st-dia-ig\/"]}]},{"@type":"ImageObject","inLanguage":"de","@id":"https:\/\/test-marcel.nl\/de\/rosa-maria-angela-s-st-dia-ig\/#primaryimage","url":"https:\/\/test-marcel.nl\/wp-content\/uploads\/2025\/12\/RosaMaria-Angela-dia-0-1.jpg","contentUrl":"https:\/\/test-marcel.nl\/wp-content\/uploads\/2025\/12\/RosaMaria-Angela-dia-0-1.jpg","width":1000,"height":1000},{"@type":"BreadcrumbList","@id":"https:\/\/test-marcel.nl\/de\/rosa-maria-angela-s-st-dia-ig\/#breadcrumb","itemListElement":[{"@type":"ListItem","position":1,"name":"Home","item":"https:\/\/test-marcel.nl\/"},{"@type":"ListItem","position":2,"name":"Shop","item":"https:\/\/test-marcel.nl\/shop\/"},{"@type":"ListItem","position":3,"name":"Rosa Maria \u2013 Angela S ST Dia IG"}]},{"@type":"WebSite","@id":"https:\/\/test-marcel.nl\/#website","url":"https:\/\/test-marcel.nl\/","name":"LUUKS","description":"Voor schoen- en accessoire liefhebbers die kiezen voor stijl en kwaliteit","publisher":{"@id":"https:\/\/test-marcel.nl\/#organization"},"potentialAction":[{"@type":"SearchAction","target":{"@type":"EntryPoint","urlTemplate":"https:\/\/test-marcel.nl\/?s={search_term_string}"},"query-input":{"@type":"PropertyValueSpecification","valueRequired":true,"valueName":"search_term_string"}}],"inLanguage":"de"},{"@type":"Organization","@id":"https:\/\/test-marcel.nl\/#organization","name":"LUUKS","url":"https:\/\/test-marcel.nl\/","logo":{"@type":"ImageObject","inLanguage":"de","@id":"https:\/\/test-marcel.nl\/#\/schema\/logo\/image\/","url":"https:\/\/test-marcel.nl\/wp-content\/uploads\/2025\/11\/LUUKS_LOGO_Red.svg","contentUrl":"https:\/\/test-marcel.nl\/wp-content\/uploads\/2025\/11\/LUUKS_LOGO_Red.svg","caption":"LUUKS"},"image":{"@id":"https:\/\/test-marcel.nl\/#\/schema\/logo\/image\/"}}]}},"_links":{"self":[{"href":"https:\/\/test-marcel.nl\/de\/wp-json\/wp\/v2\/product\/15152","targetHints":{"allow":["GET"]}}],"collection":[{"href":"https:\/\/test-marcel.nl\/de\/wp-json\/wp\/v2\/product"}],"about":[{"href":"https:\/\/test-marcel.nl\/de\/wp-json\/wp\/v2\/types\/product"}],"wp:featuredmedia":[{"embeddable":true,"href":"https:\/\/test-marcel.nl\/de\/wp-json\/wp\/v2\/media\/15161"}],"wp:attachment":[{"href":"https:\/\/test-marcel.nl\/de\/wp-json\/wp\/v2\/media?parent=15152"}],"wp:term":[{"taxonomy":"product_brand","embeddable":true,"href":"https:\/\/test-marcel.nl\/de\/wp-json\/wp\/v2\/product_brand?post=15152"},{"taxonomy":"product_cat","embeddable":true,"href":"https:\/\/test-marcel.nl\/de\/wp-json\/wp\/v2\/product_cat?post=15152"},{"taxonomy":"product_tag","embeddable":true,"href":"https:\/\/test-marcel.nl\/de\/wp-json\/wp\/v2\/product_tag?post=15152"}],"curies":[{"name":"wp","href":"https:\/\/api.w.org\/{rel}","templated":true}]}}