{"id":14244,"date":"2026-01-13T11:16:31","date_gmt":"2026-01-13T10:16:31","guid":{"rendered":"https:\/\/test-marcel.nl\/chie-mihara-toika-p\/"},"modified":"2026-03-16T21:05:36","modified_gmt":"2026-03-16T20:05:36","slug":"chie-mihara-toika-p","status":"publish","type":"product","link":"https:\/\/test-marcel.nl\/de\/chie-mihara-toika-p\/","title":{"rendered":"Chie Mihara Toika Sandale gold"},"content":{"rendered":"<p><strong> <\/strong><\/p>\n","protected":false},"excerpt":{"rendered":"<p>&nbsp;<\/p>\n<p>Goldene Ledersandale Toika mit T-Riemen und gepolstertem Absatz.<\/p>\n<p>Gr\u00f6\u00dfe &amp; Passform: F\u00e4llt gr\u00f6\u00dfengerecht aus<\/p>\n<p>Die gesamte Chie Mihara-Kollektion bei LUUKS ansehen<\/p>\n","protected":false},"featured_media":14245,"template":"","meta":{"site-sidebar-layout":"default","site-content-layout":"","ast-site-content-layout":"default","site-content-style":"default","site-sidebar-style":"default","ast-global-header-display":"","ast-banner-title-visibility":"","ast-main-header-display":"","ast-hfb-above-header-display":"","ast-hfb-below-header-display":"","ast-hfb-mobile-header-display":"","site-post-title":"","ast-breadcrumbs-content":"","ast-featured-img":"","footer-sml-layout":"","ast-disable-related-posts":"","theme-transparent-header-meta":"default","adv-header-id-meta":"","stick-header-meta":"default","header-above-stick-meta":"","header-main-stick-meta":"","header-below-stick-meta":"","astra-migrate-meta-layouts":"default","ast-page-background-enabled":"default","ast-page-background-meta":{"desktop":{"background-color":"var(--ast-global-color-4)","background-image":"","background-repeat":"repeat","background-position":"center center","background-size":"auto","background-attachment":"scroll","background-type":"","background-media":"","overlay-type":"","overlay-color":"","overlay-opacity":"","overlay-gradient":""},"tablet":{"background-color":"","background-image":"","background-repeat":"repeat","background-position":"center center","background-size":"auto","background-attachment":"scroll","background-type":"","background-media":"","overlay-type":"","overlay-color":"","overlay-opacity":"","overlay-gradient":""},"mobile":{"background-color":"","background-image":"","background-repeat":"repeat","background-position":"center center","background-size":"auto","background-attachment":"scroll","background-type":"","background-media":"","overlay-type":"","overlay-color":"","overlay-opacity":"","overlay-gradient":""}},"ast-content-background-meta":{"desktop":{"background-color":"var(--ast-global-color-5)","background-image":"","background-repeat":"repeat","background-position":"center center","background-size":"auto","background-attachment":"scroll","background-type":"","background-media":"","overlay-type":"","overlay-color":"","overlay-opacity":"","overlay-gradient":""},"tablet":{"background-color":"var(--ast-global-color-5)","background-image":"","background-repeat":"repeat","background-position":"center center","background-size":"auto","background-attachment":"scroll","background-type":"","background-media":"","overlay-type":"","overlay-color":"","overlay-opacity":"","overlay-gradient":""},"mobile":{"background-color":"var(--ast-global-color-5)","background-image":"","background-repeat":"repeat","background-position":"center center","background-size":"auto","background-attachment":"scroll","background-type":"","background-media":"","overlay-type":"","overlay-color":"","overlay-opacity":"","overlay-gradient":""}}},"product_brand":[1764],"product_cat":[655,740,670],"product_tag":[1907],"class_list":{"0":"post-14244","1":"product","2":"type-product","3":"status-publish","4":"has-post-thumbnail","6":"product_brand-chie-mihara","7":"product_cat-damen","8":"product_cat-sandalen-pantoletten-damen","9":"product_cat-schuhe-damen","10":"product_tag-warteliste","11":"pa_kleur-agnes-platino","12":"pa_maat-674","13":"pa_seizoen-lz2025","14":"desktop-align-center","15":"tablet-align-center","16":"mobile-align-center","17":"ast-product-gallery-layout-vertical","18":"ast-product-single-variable","20":"first","21":"instock","22":"taxable","23":"shipping-taxable","24":"purchasable","25":"product-type-variable","26":"has-default-attributes"},"yoast_head":"<!-- This site is optimized with the Yoast SEO plugin v27.4 - https:\/\/yoast.com\/product\/yoast-seo-wordpress\/ -->\n<title>Chie Mihara Toika Gold Sandale | LUUKS Amsterdam<\/title>\n<meta name=\"description\" content=\"Entdecken Sie die Chie Mihara Toika Sandale in Gold bei LUUKS. Kaufen Sie online mit weltweitem Versand oder besuchen Sie unser Gesch\u00e4ft in Amsterdam\" \/>\n<meta name=\"robots\" content=\"index, follow, max-snippet:-1, max-image-preview:large, max-video-preview:-1\" \/>\n<link rel=\"canonical\" href=\"https:\/\/test-marcel.nl\/de\/chie-mihara-toika-p\/\" \/>\n<meta property=\"og:locale\" content=\"de_DE\" \/>\n<meta property=\"og:type\" content=\"article\" \/>\n<meta property=\"og:title\" content=\"Chie Mihara Toika Gold Sandale | LUUKS Amsterdam\" \/>\n<meta property=\"og:description\" content=\"Entdecken Sie die Chie Mihara Toika Sandale in Gold bei LUUKS. Kaufen Sie online mit weltweitem Versand oder besuchen Sie unser Gesch\u00e4ft in Amsterdam\" \/>\n<meta property=\"og:url\" content=\"https:\/\/test-marcel.nl\/de\/chie-mihara-toika-p\/\" \/>\n<meta property=\"og:site_name\" content=\"LUUKS\" \/>\n<meta property=\"article:modified_time\" content=\"2026-03-16T20:05:36+00:00\" \/>\n<meta property=\"og:image\" content=\"https:\/\/test-marcel.nl\/wp-content\/uploads\/2025\/12\/ChieMihara-Toika-platina-00.jpg\" \/>\n\t<meta property=\"og:image:width\" content=\"600\" \/>\n\t<meta property=\"og:image:height\" content=\"600\" \/>\n\t<meta property=\"og:image:type\" content=\"image\/jpeg\" \/>\n<meta name=\"twitter:card\" content=\"summary_large_image\" \/>\n<script type=\"application\/ld+json\" class=\"yoast-schema-graph\">{\"@context\":\"https:\\\/\\\/schema.org\",\"@graph\":[{\"@type\":\"WebPage\",\"@id\":\"https:\\\/\\\/test-marcel.nl\\\/de\\\/chie-mihara-toika-p\\\/\",\"url\":\"https:\\\/\\\/test-marcel.nl\\\/de\\\/chie-mihara-toika-p\\\/\",\"name\":\"Chie Mihara Toika Gold Sandale | LUUKS Amsterdam\",\"isPartOf\":{\"@id\":\"https:\\\/\\\/test-marcel.nl\\\/#website\"},\"primaryImageOfPage\":{\"@id\":\"https:\\\/\\\/test-marcel.nl\\\/de\\\/chie-mihara-toika-p\\\/#primaryimage\"},\"image\":{\"@id\":\"https:\\\/\\\/test-marcel.nl\\\/de\\\/chie-mihara-toika-p\\\/#primaryimage\"},\"thumbnailUrl\":\"https:\\\/\\\/test-marcel.nl\\\/wp-content\\\/uploads\\\/2025\\\/12\\\/ChieMihara-Toika-platina-00.jpg\",\"datePublished\":\"2026-01-13T10:16:31+00:00\",\"dateModified\":\"2026-03-16T20:05:36+00:00\",\"description\":\"Entdecken Sie die Chie Mihara Toika Sandale in Gold bei LUUKS. Kaufen Sie online mit weltweitem Versand oder besuchen Sie unser Gesch\u00e4ft in Amsterdam\",\"breadcrumb\":{\"@id\":\"https:\\\/\\\/test-marcel.nl\\\/de\\\/chie-mihara-toika-p\\\/#breadcrumb\"},\"inLanguage\":\"de\",\"potentialAction\":[{\"@type\":\"ReadAction\",\"target\":[\"https:\\\/\\\/test-marcel.nl\\\/de\\\/chie-mihara-toika-p\\\/\"]}]},{\"@type\":\"ImageObject\",\"inLanguage\":\"de\",\"@id\":\"https:\\\/\\\/test-marcel.nl\\\/de\\\/chie-mihara-toika-p\\\/#primaryimage\",\"url\":\"https:\\\/\\\/test-marcel.nl\\\/wp-content\\\/uploads\\\/2025\\\/12\\\/ChieMihara-Toika-platina-00.jpg\",\"contentUrl\":\"https:\\\/\\\/test-marcel.nl\\\/wp-content\\\/uploads\\\/2025\\\/12\\\/ChieMihara-Toika-platina-00.jpg\",\"width\":600,\"height\":600,\"caption\":\"Chie Mihara sandaal Toika goud\"},{\"@type\":\"BreadcrumbList\",\"@id\":\"https:\\\/\\\/test-marcel.nl\\\/de\\\/chie-mihara-toika-p\\\/#breadcrumb\",\"itemListElement\":[{\"@type\":\"ListItem\",\"position\":1,\"name\":\"Home\",\"item\":\"https:\\\/\\\/test-marcel.nl\\\/\"},{\"@type\":\"ListItem\",\"position\":2,\"name\":\"Shop\",\"item\":\"https:\\\/\\\/test-marcel.nl\\\/shop\\\/\"},{\"@type\":\"ListItem\",\"position\":3,\"name\":\"Chie Mihara Toika Sandale gold\"}]},{\"@type\":\"WebSite\",\"@id\":\"https:\\\/\\\/test-marcel.nl\\\/#website\",\"url\":\"https:\\\/\\\/test-marcel.nl\\\/\",\"name\":\"LUUKS\",\"description\":\"Voor schoen- en accessoire liefhebbers die kiezen voor stijl en kwaliteit\",\"publisher\":{\"@id\":\"https:\\\/\\\/test-marcel.nl\\\/#organization\"},\"potentialAction\":[{\"@type\":\"SearchAction\",\"target\":{\"@type\":\"EntryPoint\",\"urlTemplate\":\"https:\\\/\\\/test-marcel.nl\\\/?s={search_term_string}\"},\"query-input\":{\"@type\":\"PropertyValueSpecification\",\"valueRequired\":true,\"valueName\":\"search_term_string\"}}],\"inLanguage\":\"de\"},{\"@type\":\"Organization\",\"@id\":\"https:\\\/\\\/test-marcel.nl\\\/#organization\",\"name\":\"LUUKS\",\"url\":\"https:\\\/\\\/test-marcel.nl\\\/\",\"logo\":{\"@type\":\"ImageObject\",\"inLanguage\":\"de\",\"@id\":\"https:\\\/\\\/test-marcel.nl\\\/#\\\/schema\\\/logo\\\/image\\\/\",\"url\":\"https:\\\/\\\/test-marcel.nl\\\/wp-content\\\/uploads\\\/2025\\\/11\\\/LUUKS_LOGO_Red.svg\",\"contentUrl\":\"https:\\\/\\\/test-marcel.nl\\\/wp-content\\\/uploads\\\/2025\\\/11\\\/LUUKS_LOGO_Red.svg\",\"caption\":\"LUUKS\"},\"image\":{\"@id\":\"https:\\\/\\\/test-marcel.nl\\\/#\\\/schema\\\/logo\\\/image\\\/\"}}]}<\/script>\n<!-- \/ Yoast SEO plugin. -->","yoast_head_json":{"title":"Chie Mihara Toika Gold Sandale | LUUKS Amsterdam","description":"Entdecken Sie die Chie Mihara Toika Sandale in Gold bei LUUKS. Kaufen Sie online mit weltweitem Versand oder besuchen Sie unser Gesch\u00e4ft in Amsterdam","robots":{"index":"index","follow":"follow","max-snippet":"max-snippet:-1","max-image-preview":"max-image-preview:large","max-video-preview":"max-video-preview:-1"},"canonical":"https:\/\/test-marcel.nl\/de\/chie-mihara-toika-p\/","og_locale":"de_DE","og_type":"article","og_title":"Chie Mihara Toika Gold Sandale | LUUKS Amsterdam","og_description":"Entdecken Sie die Chie Mihara Toika Sandale in Gold bei LUUKS. Kaufen Sie online mit weltweitem Versand oder besuchen Sie unser Gesch\u00e4ft in Amsterdam","og_url":"https:\/\/test-marcel.nl\/de\/chie-mihara-toika-p\/","og_site_name":"LUUKS","article_modified_time":"2026-03-16T20:05:36+00:00","og_image":[{"width":600,"height":600,"url":"https:\/\/test-marcel.nl\/wp-content\/uploads\/2025\/12\/ChieMihara-Toika-platina-00.jpg","type":"image\/jpeg"}],"twitter_card":"summary_large_image","schema":{"@context":"https:\/\/schema.org","@graph":[{"@type":"WebPage","@id":"https:\/\/test-marcel.nl\/de\/chie-mihara-toika-p\/","url":"https:\/\/test-marcel.nl\/de\/chie-mihara-toika-p\/","name":"Chie Mihara Toika Gold Sandale | LUUKS Amsterdam","isPartOf":{"@id":"https:\/\/test-marcel.nl\/#website"},"primaryImageOfPage":{"@id":"https:\/\/test-marcel.nl\/de\/chie-mihara-toika-p\/#primaryimage"},"image":{"@id":"https:\/\/test-marcel.nl\/de\/chie-mihara-toika-p\/#primaryimage"},"thumbnailUrl":"https:\/\/test-marcel.nl\/wp-content\/uploads\/2025\/12\/ChieMihara-Toika-platina-00.jpg","datePublished":"2026-01-13T10:16:31+00:00","dateModified":"2026-03-16T20:05:36+00:00","description":"Entdecken Sie die Chie Mihara Toika Sandale in Gold bei LUUKS. Kaufen Sie online mit weltweitem Versand oder besuchen Sie unser Gesch\u00e4ft in Amsterdam","breadcrumb":{"@id":"https:\/\/test-marcel.nl\/de\/chie-mihara-toika-p\/#breadcrumb"},"inLanguage":"de","potentialAction":[{"@type":"ReadAction","target":["https:\/\/test-marcel.nl\/de\/chie-mihara-toika-p\/"]}]},{"@type":"ImageObject","inLanguage":"de","@id":"https:\/\/test-marcel.nl\/de\/chie-mihara-toika-p\/#primaryimage","url":"https:\/\/test-marcel.nl\/wp-content\/uploads\/2025\/12\/ChieMihara-Toika-platina-00.jpg","contentUrl":"https:\/\/test-marcel.nl\/wp-content\/uploads\/2025\/12\/ChieMihara-Toika-platina-00.jpg","width":600,"height":600,"caption":"Chie Mihara sandaal Toika goud"},{"@type":"BreadcrumbList","@id":"https:\/\/test-marcel.nl\/de\/chie-mihara-toika-p\/#breadcrumb","itemListElement":[{"@type":"ListItem","position":1,"name":"Home","item":"https:\/\/test-marcel.nl\/"},{"@type":"ListItem","position":2,"name":"Shop","item":"https:\/\/test-marcel.nl\/shop\/"},{"@type":"ListItem","position":3,"name":"Chie Mihara Toika Sandale gold"}]},{"@type":"WebSite","@id":"https:\/\/test-marcel.nl\/#website","url":"https:\/\/test-marcel.nl\/","name":"LUUKS","description":"Voor schoen- en accessoire liefhebbers die kiezen voor stijl en kwaliteit","publisher":{"@id":"https:\/\/test-marcel.nl\/#organization"},"potentialAction":[{"@type":"SearchAction","target":{"@type":"EntryPoint","urlTemplate":"https:\/\/test-marcel.nl\/?s={search_term_string}"},"query-input":{"@type":"PropertyValueSpecification","valueRequired":true,"valueName":"search_term_string"}}],"inLanguage":"de"},{"@type":"Organization","@id":"https:\/\/test-marcel.nl\/#organization","name":"LUUKS","url":"https:\/\/test-marcel.nl\/","logo":{"@type":"ImageObject","inLanguage":"de","@id":"https:\/\/test-marcel.nl\/#\/schema\/logo\/image\/","url":"https:\/\/test-marcel.nl\/wp-content\/uploads\/2025\/11\/LUUKS_LOGO_Red.svg","contentUrl":"https:\/\/test-marcel.nl\/wp-content\/uploads\/2025\/11\/LUUKS_LOGO_Red.svg","caption":"LUUKS"},"image":{"@id":"https:\/\/test-marcel.nl\/#\/schema\/logo\/image\/"}}]}},"_links":{"self":[{"href":"https:\/\/test-marcel.nl\/de\/wp-json\/wp\/v2\/product\/14244","targetHints":{"allow":["GET"]}}],"collection":[{"href":"https:\/\/test-marcel.nl\/de\/wp-json\/wp\/v2\/product"}],"about":[{"href":"https:\/\/test-marcel.nl\/de\/wp-json\/wp\/v2\/types\/product"}],"wp:featuredmedia":[{"embeddable":true,"href":"https:\/\/test-marcel.nl\/de\/wp-json\/wp\/v2\/media\/14245"}],"wp:attachment":[{"href":"https:\/\/test-marcel.nl\/de\/wp-json\/wp\/v2\/media?parent=14244"}],"wp:term":[{"taxonomy":"product_brand","embeddable":true,"href":"https:\/\/test-marcel.nl\/de\/wp-json\/wp\/v2\/product_brand?post=14244"},{"taxonomy":"product_cat","embeddable":true,"href":"https:\/\/test-marcel.nl\/de\/wp-json\/wp\/v2\/product_cat?post=14244"},{"taxonomy":"product_tag","embeddable":true,"href":"https:\/\/test-marcel.nl\/de\/wp-json\/wp\/v2\/product_tag?post=14244"}],"curies":[{"name":"wp","href":"https:\/\/api.w.org\/{rel}","templated":true}]}}