{"id":13812,"date":"2026-01-23T13:12:31","date_gmt":"2026-01-23T12:12:31","guid":{"rendered":"https:\/\/test-marcel.nl\/datenschutzerklaerung\/"},"modified":"2026-01-23T13:12:32","modified_gmt":"2026-01-23T12:12:32","slug":"datenschutzerklaerung","status":"publish","type":"page","link":"https:\/\/test-marcel.nl\/de\/datenschutzerklaerung\/","title":{"rendered":"Datenschutzerkl\u00e4rung"},"content":{"rendered":"\t\t<div data-elementor-type=\"wp-page\" data-elementor-id=\"13812\" class=\"elementor elementor-13812 elementor-5877\" data-elementor-post-type=\"page\">\n\t\t\t\t<div class=\"elementor-element elementor-element-373a662 pad-l e-flex e-con-boxed e-con e-parent\" data-id=\"373a662\" data-element_type=\"container\" data-e-type=\"container\" data-settings=\"{&quot;background_background&quot;:&quot;classic&quot;,&quot;animation&quot;:&quot;none&quot;}\">\n\t\t\t\t\t<div class=\"e-con-inner\">\n\t\t\t\t<div class=\"elementor-element elementor-element-0eb905a elementor-widget elementor-widget-heading\" data-id=\"0eb905a\" data-element_type=\"widget\" data-e-type=\"widget\" data-widget_type=\"heading.default\">\n\t\t\t\t<div class=\"elementor-widget-container\">\n\t\t\t\t\t<div class=\"elementor-heading-title elementor-size-default\">Luuks<\/div>\t\t\t\t<\/div>\n\t\t\t\t<\/div>\n\t\t\t\t<div class=\"elementor-element elementor-element-2642dc3 elementor-widget__width-initial elementor-widget elementor-widget-heading\" data-id=\"2642dc3\" data-element_type=\"widget\" data-e-type=\"widget\" data-widget_type=\"heading.default\">\n\t\t\t\t<div class=\"elementor-widget-container\">\n\t\t\t\t\t<h1 class=\"elementor-heading-title elementor-size-default\">Datenschutzerkl\u00e4rung<\/h1>\t\t\t\t<\/div>\n\t\t\t\t<\/div>\n\t\t\t\t\t<\/div>\n\t\t\t\t<\/div>\n\t\t<div class=\"elementor-element elementor-element-0d5bcd5 pad-s e-flex e-con-boxed e-con e-parent\" data-id=\"0d5bcd5\" data-element_type=\"container\" data-e-type=\"container\">\n\t\t\t\t\t<div class=\"e-con-inner\">\n\t\t\t\t<div class=\"elementor-element elementor-element-763618f elementor-widget elementor-widget-text-editor\" data-id=\"763618f\" data-element_type=\"widget\" data-e-type=\"widget\" data-widget_type=\"text-editor.default\">\n\t\t\t\t<div class=\"elementor-widget-container\">\n\t\t\t\t\t\t\t\t\t<p><strong>1. Allgemeines<br><\/strong>LUUKS respektiert die Privatsph\u00e4re aller Besucher ihrer Website und Kunden des Webshops. Wir sorgen daf\u00fcr, dass die pers\u00f6nlichen Informationen, die Sie uns zur Verf\u00fcgung stellen, vertraulich behandelt werden. Diese Datenschutzerkl\u00e4rung erl\u00e4utert, welche Daten wir sammeln, warum wir dies tun und wie wir damit umgehen.<\/p><p><strong>2. Gesammelte Daten<\/strong><br>Wenn Sie unsere Website nutzen oder eine Bestellung aufgeben, k\u00f6nnen wir die folgenden Daten sammeln:<\/p><ul><li>Vor- und Nachname<\/li><li>Adressdaten (Rechnungs- und Lieferadresse)<\/li><li>E-Mail-Adresse<\/li><li>Telefonnummer<\/li><li>Zahlungsdaten<\/li><li>IP-Adresse und Browserverhalten (via Cookies)<\/li><\/ul><p><strong>3. Zwecke<\/strong><br>Wir verwenden Ihre Daten f\u00fcr die folgenden Zwecke:<\/p><ul><li>Die Bearbeitung und der Versand Ihrer Bestellung<\/li><li>Die Abwicklung von Zahlungen<\/li><li>Die Verbesserung unserer Website und Dienstleistungen<\/li><li>Die Erf\u00fcllung gesetzlicher Verpflichtungen<\/li><li>(Sofern Sie Ihre Einwilligung gegeben haben) das Versenden von Newslettern und Angeboten<\/li><\/ul><p><strong>4. Aufbewahrungsfristen<\/strong><br>Wir bewahren Ihre Daten nicht l\u00e4nger auf, als es f\u00fcr die Erreichung der oben genannten Zwecke erforderlich ist, es sei denn, wir sind gesetzlich verpflichtet, Daten l\u00e4nger aufzubewahren.<\/p><p><strong>5. Weitergabe an Dritte<\/strong><br>LUUKS gibt Ihre Daten nur dann an Dritte weiter, wenn dies f\u00fcr die Durchf\u00fchrung unseres Vertrags (beispielsweise an Zustelldienste oder Zahlungsdienste) oder zur Erf\u00fcllung einer gesetzlichen Verpflichtung erforderlich ist.<\/p><p><strong>6. Sicherheit<\/strong><br>Wir treffen geeignete technische und organisatorische Ma\u00dfnahmen, um Ihre Daten vor Verlust, Missbrauch, unbefugtem Zugriff oder Offenlegung zu sch\u00fctzen.<\/p><p><strong>7. Cookies<\/strong><br>Unsere Website verwendet Cookies, damit die Website gut funktioniert und um den Benutzerkomfort zu verbessern. Sie k\u00f6nnen Ihren Browser so einstellen, dass Cookies nicht gespeichert oder nur eingeschr\u00e4nkt zugelassen werden.<\/p><p><strong>8. Ihre Rechte<\/strong><br>Sie haben das Recht, Ihre personenbezogenen Daten einzusehen, zu korrigieren oder l\u00f6schen zu lassen. Dar\u00fcber hinaus haben Sie das Recht, Widerspruch gegen die Verarbeitung Ihrer Daten einzulegen, sowie das Recht auf Daten\u00fcbertragbarkeit.<br>F\u00fcr Anfragen k\u00f6nnen Sie sich \u00fcber support@test-marcel.nl an uns wenden.<\/p><p><strong>9. Kontakt<\/strong><br>LUUKS B.V.<br>Jacob Obrechtstraat 12<br>1071 KL Amsterdam<br>E-Mail: <a href=\"mailto:support@test-marcel.nl\">support@test-marcel.nl<\/a><br>Telefon: <a href=\"tel:+31206704538\">+31 (0)20 6704538<\/a><\/p>\t\t\t\t\t\t\t\t<\/div>\n\t\t\t\t<\/div>\n\t\t\t\t\t<\/div>\n\t\t\t\t<\/div>\n\t\t\t\t<\/div>\n\t\t","protected":false},"excerpt":{"rendered":"<p>Luuks Datenschutzerkl\u00e4rung 1. AllgemeinesLUUKS respektiert die Privatsph\u00e4re aller Besucher ihrer Website und Kunden des Webshops. Wir sorgen daf\u00fcr, dass die pers\u00f6nlichen Informationen, die Sie uns [&hellip;]<\/p>\n","protected":false},"author":3,"featured_media":0,"parent":0,"menu_order":0,"comment_status":"closed","ping_status":"closed","template":"","meta":{"site-sidebar-layout":"no-sidebar","site-content-layout":"page-builder","ast-site-content-layout":"full-width-container","site-content-style":"default","site-sidebar-style":"default","ast-global-header-display":"","ast-banner-title-visibility":"","ast-main-header-display":"","ast-hfb-above-header-display":"","ast-hfb-below-header-display":"","ast-hfb-mobile-header-display":"","site-post-title":"disabled","ast-breadcrumbs-content":"","ast-featured-img":"disabled","footer-sml-layout":"","ast-disable-related-posts":"","theme-transparent-header-meta":"default","adv-header-id-meta":"","stick-header-meta":"default","header-above-stick-meta":"","header-main-stick-meta":"","header-below-stick-meta":"","astra-migrate-meta-layouts":"default","ast-page-background-enabled":"default","ast-page-background-meta":{"desktop":{"background-color":"var(--ast-global-color-4)","background-image":"","background-repeat":"repeat","background-position":"center center","background-size":"auto","background-attachment":"scroll","background-type":"","background-media":"","overlay-type":"","overlay-color":"","overlay-opacity":"","overlay-gradient":""},"tablet":{"background-color":"","background-image":"","background-repeat":"repeat","background-position":"center center","background-size":"auto","background-attachment":"scroll","background-type":"","background-media":"","overlay-type":"","overlay-color":"","overlay-opacity":"","overlay-gradient":""},"mobile":{"background-color":"","background-image":"","background-repeat":"repeat","background-position":"center center","background-size":"auto","background-attachment":"scroll","background-type":"","background-media":"","overlay-type":"","overlay-color":"","overlay-opacity":"","overlay-gradient":""}},"ast-content-background-meta":{"desktop":{"background-color":"var(--ast-global-color-5)","background-image":"","background-repeat":"repeat","background-position":"center center","background-size":"auto","background-attachment":"scroll","background-type":"","background-media":"","overlay-type":"","overlay-color":"","overlay-opacity":"","overlay-gradient":""},"tablet":{"background-color":"var(--ast-global-color-5)","background-image":"","background-repeat":"repeat","background-position":"center center","background-size":"auto","background-attachment":"scroll","background-type":"","background-media":"","overlay-type":"","overlay-color":"","overlay-opacity":"","overlay-gradient":""},"mobile":{"background-color":"var(--ast-global-color-5)","background-image":"","background-repeat":"repeat","background-position":"center center","background-size":"auto","background-attachment":"scroll","background-type":"","background-media":"","overlay-type":"","overlay-color":"","overlay-opacity":"","overlay-gradient":""}},"footnotes":""},"class_list":["post-13812","page","type-page","status-publish","hentry"],"yoast_head":"<!-- This site is optimized with the Yoast SEO plugin v27.4 - https:\/\/yoast.com\/product\/yoast-seo-wordpress\/ -->\n<title>Datenschutzerkl\u00e4rung - LUUKS<\/title>\n<meta name=\"robots\" content=\"index, follow, max-snippet:-1, max-image-preview:large, max-video-preview:-1\" \/>\n<link rel=\"canonical\" href=\"https:\/\/test-marcel.nl\/de\/datenschutzerklaerung\/\" \/>\n<meta property=\"og:locale\" content=\"de_DE\" \/>\n<meta property=\"og:type\" content=\"article\" \/>\n<meta property=\"og:title\" content=\"Datenschutzerkl\u00e4rung - LUUKS\" \/>\n<meta property=\"og:description\" content=\"Luuks Datenschutzerkl\u00e4rung 1. AllgemeinesLUUKS respektiert die Privatsph\u00e4re aller Besucher ihrer Website und Kunden des Webshops. Wir sorgen daf\u00fcr, dass die pers\u00f6nlichen Informationen, die Sie uns [&hellip;]\" \/>\n<meta property=\"og:url\" content=\"https:\/\/test-marcel.nl\/de\/datenschutzerklaerung\/\" \/>\n<meta property=\"og:site_name\" content=\"LUUKS\" \/>\n<meta property=\"article:modified_time\" content=\"2026-01-23T12:12:32+00:00\" \/>\n<meta name=\"twitter:card\" content=\"summary_large_image\" \/>\n<meta name=\"twitter:label1\" content=\"Gesch\u00e4tzte Lesezeit\" \/>\n\t<meta name=\"twitter:data1\" content=\"1\u00a0Minute\" \/>\n<script type=\"application\/ld+json\" class=\"yoast-schema-graph\">{\"@context\":\"https:\\\/\\\/schema.org\",\"@graph\":[{\"@type\":\"WebPage\",\"@id\":\"https:\\\/\\\/test-marcel.nl\\\/de\\\/datenschutzerklaerung\\\/\",\"url\":\"https:\\\/\\\/test-marcel.nl\\\/de\\\/datenschutzerklaerung\\\/\",\"name\":\"Datenschutzerkl\u00e4rung - LUUKS\",\"isPartOf\":{\"@id\":\"https:\\\/\\\/test-marcel.nl\\\/#website\"},\"datePublished\":\"2026-01-23T12:12:31+00:00\",\"dateModified\":\"2026-01-23T12:12:32+00:00\",\"breadcrumb\":{\"@id\":\"https:\\\/\\\/test-marcel.nl\\\/de\\\/datenschutzerklaerung\\\/#breadcrumb\"},\"inLanguage\":\"de\",\"potentialAction\":[{\"@type\":\"ReadAction\",\"target\":[\"https:\\\/\\\/test-marcel.nl\\\/de\\\/datenschutzerklaerung\\\/\"]}]},{\"@type\":\"BreadcrumbList\",\"@id\":\"https:\\\/\\\/test-marcel.nl\\\/de\\\/datenschutzerklaerung\\\/#breadcrumb\",\"itemListElement\":[{\"@type\":\"ListItem\",\"position\":1,\"name\":\"Home\",\"item\":\"https:\\\/\\\/test-marcel.nl\\\/\"},{\"@type\":\"ListItem\",\"position\":2,\"name\":\"Datenschutzerkl\u00e4rung\"}]},{\"@type\":\"WebSite\",\"@id\":\"https:\\\/\\\/test-marcel.nl\\\/#website\",\"url\":\"https:\\\/\\\/test-marcel.nl\\\/\",\"name\":\"LUUKS\",\"description\":\"Voor schoen- en accessoire liefhebbers die kiezen voor stijl en kwaliteit\",\"publisher\":{\"@id\":\"https:\\\/\\\/test-marcel.nl\\\/#organization\"},\"potentialAction\":[{\"@type\":\"SearchAction\",\"target\":{\"@type\":\"EntryPoint\",\"urlTemplate\":\"https:\\\/\\\/test-marcel.nl\\\/?s={search_term_string}\"},\"query-input\":{\"@type\":\"PropertyValueSpecification\",\"valueRequired\":true,\"valueName\":\"search_term_string\"}}],\"inLanguage\":\"de\"},{\"@type\":\"Organization\",\"@id\":\"https:\\\/\\\/test-marcel.nl\\\/#organization\",\"name\":\"LUUKS\",\"url\":\"https:\\\/\\\/test-marcel.nl\\\/\",\"logo\":{\"@type\":\"ImageObject\",\"inLanguage\":\"de\",\"@id\":\"https:\\\/\\\/test-marcel.nl\\\/#\\\/schema\\\/logo\\\/image\\\/\",\"url\":\"https:\\\/\\\/test-marcel.nl\\\/wp-content\\\/uploads\\\/2025\\\/11\\\/LUUKS_LOGO_Red.svg\",\"contentUrl\":\"https:\\\/\\\/test-marcel.nl\\\/wp-content\\\/uploads\\\/2025\\\/11\\\/LUUKS_LOGO_Red.svg\",\"caption\":\"LUUKS\"},\"image\":{\"@id\":\"https:\\\/\\\/test-marcel.nl\\\/#\\\/schema\\\/logo\\\/image\\\/\"}}]}<\/script>\n<!-- \/ Yoast SEO plugin. -->","yoast_head_json":{"title":"Datenschutzerkl\u00e4rung - LUUKS","robots":{"index":"index","follow":"follow","max-snippet":"max-snippet:-1","max-image-preview":"max-image-preview:large","max-video-preview":"max-video-preview:-1"},"canonical":"https:\/\/test-marcel.nl\/de\/datenschutzerklaerung\/","og_locale":"de_DE","og_type":"article","og_title":"Datenschutzerkl\u00e4rung - LUUKS","og_description":"Luuks Datenschutzerkl\u00e4rung 1. AllgemeinesLUUKS respektiert die Privatsph\u00e4re aller Besucher ihrer Website und Kunden des Webshops. Wir sorgen daf\u00fcr, dass die pers\u00f6nlichen Informationen, die Sie uns [&hellip;]","og_url":"https:\/\/test-marcel.nl\/de\/datenschutzerklaerung\/","og_site_name":"LUUKS","article_modified_time":"2026-01-23T12:12:32+00:00","twitter_card":"summary_large_image","twitter_misc":{"Gesch\u00e4tzte Lesezeit":"1\u00a0Minute"},"schema":{"@context":"https:\/\/schema.org","@graph":[{"@type":"WebPage","@id":"https:\/\/test-marcel.nl\/de\/datenschutzerklaerung\/","url":"https:\/\/test-marcel.nl\/de\/datenschutzerklaerung\/","name":"Datenschutzerkl\u00e4rung - LUUKS","isPartOf":{"@id":"https:\/\/test-marcel.nl\/#website"},"datePublished":"2026-01-23T12:12:31+00:00","dateModified":"2026-01-23T12:12:32+00:00","breadcrumb":{"@id":"https:\/\/test-marcel.nl\/de\/datenschutzerklaerung\/#breadcrumb"},"inLanguage":"de","potentialAction":[{"@type":"ReadAction","target":["https:\/\/test-marcel.nl\/de\/datenschutzerklaerung\/"]}]},{"@type":"BreadcrumbList","@id":"https:\/\/test-marcel.nl\/de\/datenschutzerklaerung\/#breadcrumb","itemListElement":[{"@type":"ListItem","position":1,"name":"Home","item":"https:\/\/test-marcel.nl\/"},{"@type":"ListItem","position":2,"name":"Datenschutzerkl\u00e4rung"}]},{"@type":"WebSite","@id":"https:\/\/test-marcel.nl\/#website","url":"https:\/\/test-marcel.nl\/","name":"LUUKS","description":"Voor schoen- en accessoire liefhebbers die kiezen voor stijl en kwaliteit","publisher":{"@id":"https:\/\/test-marcel.nl\/#organization"},"potentialAction":[{"@type":"SearchAction","target":{"@type":"EntryPoint","urlTemplate":"https:\/\/test-marcel.nl\/?s={search_term_string}"},"query-input":{"@type":"PropertyValueSpecification","valueRequired":true,"valueName":"search_term_string"}}],"inLanguage":"de"},{"@type":"Organization","@id":"https:\/\/test-marcel.nl\/#organization","name":"LUUKS","url":"https:\/\/test-marcel.nl\/","logo":{"@type":"ImageObject","inLanguage":"de","@id":"https:\/\/test-marcel.nl\/#\/schema\/logo\/image\/","url":"https:\/\/test-marcel.nl\/wp-content\/uploads\/2025\/11\/LUUKS_LOGO_Red.svg","contentUrl":"https:\/\/test-marcel.nl\/wp-content\/uploads\/2025\/11\/LUUKS_LOGO_Red.svg","caption":"LUUKS"},"image":{"@id":"https:\/\/test-marcel.nl\/#\/schema\/logo\/image\/"}}]}},"_links":{"self":[{"href":"https:\/\/test-marcel.nl\/de\/wp-json\/wp\/v2\/pages\/13812","targetHints":{"allow":["GET"]}}],"collection":[{"href":"https:\/\/test-marcel.nl\/de\/wp-json\/wp\/v2\/pages"}],"about":[{"href":"https:\/\/test-marcel.nl\/de\/wp-json\/wp\/v2\/types\/page"}],"author":[{"embeddable":true,"href":"https:\/\/test-marcel.nl\/de\/wp-json\/wp\/v2\/users\/3"}],"replies":[{"embeddable":true,"href":"https:\/\/test-marcel.nl\/de\/wp-json\/wp\/v2\/comments?post=13812"}],"version-history":[{"count":0,"href":"https:\/\/test-marcel.nl\/de\/wp-json\/wp\/v2\/pages\/13812\/revisions"}],"wp:attachment":[{"href":"https:\/\/test-marcel.nl\/de\/wp-json\/wp\/v2\/media?parent=13812"}],"curies":[{"name":"wp","href":"https:\/\/api.w.org\/{rel}","templated":true}]}}