{"id":13771,"date":"2026-01-23T12:40:58","date_gmt":"2026-01-23T11:40:58","guid":{"rendered":"https:\/\/test-marcel.nl\/versand-rueckerstattung\/"},"modified":"2026-02-26T14:44:05","modified_gmt":"2026-02-26T13:44:05","slug":"versand-rueckerstattung","status":"publish","type":"page","link":"https:\/\/test-marcel.nl\/de\/versand-rueckerstattung\/","title":{"rendered":"Versand &amp; R\u00fcckerstattung"},"content":{"rendered":"\t\t<div data-elementor-type=\"wp-page\" data-elementor-id=\"13771\" class=\"elementor elementor-13771 elementor-6731\" data-elementor-post-type=\"page\">\n\t\t\t\t<div class=\"elementor-element elementor-element-5e7b9fde pad-l e-flex e-con-boxed e-con e-parent\" data-id=\"5e7b9fde\" data-element_type=\"container\" data-e-type=\"container\" data-settings=\"{&quot;background_background&quot;:&quot;classic&quot;,&quot;animation&quot;:&quot;none&quot;}\">\n\t\t\t\t\t<div class=\"e-con-inner\">\n\t\t\t\t<div class=\"elementor-element elementor-element-7fd0d676 elementor-widget elementor-widget-heading\" data-id=\"7fd0d676\" data-element_type=\"widget\" data-e-type=\"widget\" data-widget_type=\"heading.default\">\n\t\t\t\t<div class=\"elementor-widget-container\">\n\t\t\t\t\t<div class=\"elementor-heading-title elementor-size-default\">Luuks<\/div>\t\t\t\t<\/div>\n\t\t\t\t<\/div>\n\t\t\t\t<div class=\"elementor-element elementor-element-404e3d74 elementor-widget__width-initial elementor-widget elementor-widget-heading\" data-id=\"404e3d74\" data-element_type=\"widget\" data-e-type=\"widget\" data-widget_type=\"heading.default\">\n\t\t\t\t<div class=\"elementor-widget-container\">\n\t\t\t\t\t<h1 class=\"elementor-heading-title elementor-size-default\">Versand &amp; R\u00fcckerstattung<\/h1>\t\t\t\t<\/div>\n\t\t\t\t<\/div>\n\t\t\t\t\t<\/div>\n\t\t\t\t<\/div>\n\t\t<div class=\"elementor-element elementor-element-71dce631 pad-s e-flex e-con-boxed e-con e-parent\" data-id=\"71dce631\" data-element_type=\"container\" data-e-type=\"container\">\n\t\t\t\t\t<div class=\"e-con-inner\">\n\t\t\t\t<div class=\"elementor-element elementor-element-019cc51 elementor-widget elementor-widget-heading\" data-id=\"019cc51\" data-element_type=\"widget\" data-e-type=\"widget\" data-widget_type=\"heading.default\">\n\t\t\t\t<div class=\"elementor-widget-container\">\n\t\t\t\t\t<h2 class=\"elementor-heading-title elementor-size-default\">Versand<\/h2>\t\t\t\t<\/div>\n\t\t\t\t<\/div>\n\t\t\t\t<div class=\"elementor-element elementor-element-48ec0178 elementor-widget elementor-widget-text-editor\" data-id=\"48ec0178\" data-element_type=\"widget\" data-e-type=\"widget\" data-widget_type=\"text-editor.default\">\n\t\t\t\t<div class=\"elementor-widget-container\">\n\t\t\t\t\t\t\t\t\t<ul><li>Bei Bestellungen ab 150 \u20ac versenden wir innerhalb der Niederlande und in die folgenden EU-L\u00e4nder versandkostenfrei: Belgien, Deutschland, Frankreich, Italien, Luxemburg, \u00d6sterreich und Spanien.<\/li><li>F\u00fcr Bestellungen unter diesem Betrag berechnen wir 6,95 \u20ac Versandkosten.<\/li><li>F\u00fcr andere europ\u00e4ische L\u00e4nder berechnen wir 15 \u20ac.<\/li><li>F\u00fcr den Rest der Welt berechnen wir 30 \u20ac.<\/li><\/ul><p>Ihre Bestellung wird mit dem Standard-Service von PostNL versandt. \u00dcber einen Track-and-Trace-Code, den wir Ihnen zusenden, k\u00f6nnen Sie den Status Ihres Pakets verfolgen. <\/p><p><strong>Zustellung Ihrer Bestellung<\/strong><br><em>In den Niederlanden<\/em><br>Ihr Paket wird in den Niederlanden und Belgien von PostNL zugestellt. Bestellungen, die von Montag bis Donnerstag aufgegeben werden, werden am n\u00e4chsten Tag versendet.  Wenn Sie Ihre Bestellung am Wochenende aufgeben, wird die Bestellung am Montag bearbeitet und am Dienstag geliefert. Wenn PostNL das Paket nicht zustellen kann, erhalten Sie eine Nachricht in Ihrem Briefkasten mit der Aufforderung, das Paket bei der n\u00e4chstgelegenen Abholstelle abzuholen. Dies ist bis zu drei Wochen nach dem letzten Zustellversuch m\u00f6glich. Wenn die Bestellung nicht abgeholt wird, geht das Paket an den Absender zur\u00fcck.<\/p><p><em>Rest der Welt<\/em><br>F\u00fcr Australien, die Vereinigten Staaten, Japan und S\u00fcdkorea nutzen wir DHL Express oder UPS.<\/p><p><em>Alle anderen L\u00e4nder<\/em><br>Ihre Bestellung wird von zuverl\u00e4ssigen lokalen Partnern von PostNL zugestellt.<\/p>\t\t\t\t\t\t\t\t<\/div>\n\t\t\t\t<\/div>\n\t\t\t\t<div class=\"elementor-element elementor-element-4b7b2d9 elementor-widget elementor-widget-heading\" data-id=\"4b7b2d9\" data-element_type=\"widget\" data-e-type=\"widget\" data-widget_type=\"heading.default\">\n\t\t\t\t<div class=\"elementor-widget-container\">\n\t\t\t\t\t<h2 class=\"elementor-heading-title elementor-size-default\">Erstattung<\/h2>\t\t\t\t<\/div>\n\t\t\t\t<\/div>\n\t\t\t\t<div class=\"elementor-element elementor-element-7b0d4a7 elementor-widget elementor-widget-text-editor\" data-id=\"7b0d4a7\" data-element_type=\"widget\" data-e-type=\"widget\" data-widget_type=\"text-editor.default\">\n\t\t\t\t<div class=\"elementor-widget-container\">\n\t\t\t\t\t\t\t\t\t<p>Wir erstatten Ihnen den Betrag innerhalb von 7 Tagen nach Erhalt Ihrer R\u00fccksendung. Der Betrag f\u00fcr unbesch\u00e4digt zur\u00fcckgesendete Artikel wird \u00fcber Ihre urspr\u00fcngliche Zahlungsmethode (Kreditkarte, PayPal oder iDEAL) erstattet.<\/p><p>F\u00fcr weitere Informationen k\u00f6nnen Sie uns gerne unter <a href=\"tel:+31206704538\">+31 20 6704538<\/a> anrufen oder eine E-Mail an <a href=\"mailto:support@test-marcel.nl\">support@test-marcel.nl<\/a> senden.<\/p>\t\t\t\t\t\t\t\t<\/div>\n\t\t\t\t<\/div>\n\t\t\t\t\t<\/div>\n\t\t\t\t<\/div>\n\t\t\t\t<\/div>\n\t\t","protected":false},"excerpt":{"rendered":"<p>Luuks Versand &amp; R\u00fcckerstattung Versand Bei Bestellungen ab 150 \u20ac versenden wir innerhalb der Niederlande und in die folgenden EU-L\u00e4nder versandkostenfrei: Belgien, Deutschland, Frankreich, Italien, [&hellip;]<\/p>\n","protected":false},"author":3,"featured_media":0,"parent":0,"menu_order":0,"comment_status":"closed","ping_status":"closed","template":"","meta":{"site-sidebar-layout":"no-sidebar","site-content-layout":"page-builder","ast-site-content-layout":"full-width-container","site-content-style":"default","site-sidebar-style":"default","ast-global-header-display":"","ast-banner-title-visibility":"","ast-main-header-display":"","ast-hfb-above-header-display":"","ast-hfb-below-header-display":"","ast-hfb-mobile-header-display":"","site-post-title":"disabled","ast-breadcrumbs-content":"","ast-featured-img":"disabled","footer-sml-layout":"","ast-disable-related-posts":"","theme-transparent-header-meta":"default","adv-header-id-meta":"","stick-header-meta":"default","header-above-stick-meta":"","header-main-stick-meta":"","header-below-stick-meta":"","astra-migrate-meta-layouts":"default","ast-page-background-enabled":"default","ast-page-background-meta":{"desktop":{"background-color":"var(--ast-global-color-4)","background-image":"","background-repeat":"repeat","background-position":"center center","background-size":"auto","background-attachment":"scroll","background-type":"","background-media":"","overlay-type":"","overlay-color":"","overlay-opacity":"","overlay-gradient":""},"tablet":{"background-color":"","background-image":"","background-repeat":"repeat","background-position":"center center","background-size":"auto","background-attachment":"scroll","background-type":"","background-media":"","overlay-type":"","overlay-color":"","overlay-opacity":"","overlay-gradient":""},"mobile":{"background-color":"","background-image":"","background-repeat":"repeat","background-position":"center center","background-size":"auto","background-attachment":"scroll","background-type":"","background-media":"","overlay-type":"","overlay-color":"","overlay-opacity":"","overlay-gradient":""}},"ast-content-background-meta":{"desktop":{"background-color":"var(--ast-global-color-5)","background-image":"","background-repeat":"repeat","background-position":"center center","background-size":"auto","background-attachment":"scroll","background-type":"","background-media":"","overlay-type":"","overlay-color":"","overlay-opacity":"","overlay-gradient":""},"tablet":{"background-color":"var(--ast-global-color-5)","background-image":"","background-repeat":"repeat","background-position":"center center","background-size":"auto","background-attachment":"scroll","background-type":"","background-media":"","overlay-type":"","overlay-color":"","overlay-opacity":"","overlay-gradient":""},"mobile":{"background-color":"var(--ast-global-color-5)","background-image":"","background-repeat":"repeat","background-position":"center center","background-size":"auto","background-attachment":"scroll","background-type":"","background-media":"","overlay-type":"","overlay-color":"","overlay-opacity":"","overlay-gradient":""}},"footnotes":""},"class_list":["post-13771","page","type-page","status-publish","hentry"],"yoast_head":"<!-- This site is optimized with the Yoast SEO plugin v27.4 - https:\/\/yoast.com\/product\/yoast-seo-wordpress\/ -->\n<title>Versand &amp; R\u00fcckerstattung - LUUKS<\/title>\n<meta name=\"robots\" content=\"index, follow, max-snippet:-1, max-image-preview:large, max-video-preview:-1\" \/>\n<link rel=\"canonical\" href=\"https:\/\/test-marcel.nl\/de\/versand-rueckerstattung\/\" \/>\n<meta property=\"og:locale\" content=\"de_DE\" \/>\n<meta property=\"og:type\" content=\"article\" \/>\n<meta property=\"og:title\" content=\"Versand &amp; R\u00fcckerstattung - LUUKS\" \/>\n<meta property=\"og:description\" content=\"Luuks Versand &amp; R\u00fcckerstattung Versand Bei Bestellungen ab 150 \u20ac versenden wir innerhalb der Niederlande und in die folgenden EU-L\u00e4nder versandkostenfrei: Belgien, Deutschland, Frankreich, Italien, [&hellip;]\" \/>\n<meta property=\"og:url\" content=\"https:\/\/test-marcel.nl\/de\/versand-rueckerstattung\/\" \/>\n<meta property=\"og:site_name\" content=\"LUUKS\" \/>\n<meta property=\"article:modified_time\" content=\"2026-02-26T13:44:05+00:00\" \/>\n<meta name=\"twitter:card\" content=\"summary_large_image\" \/>\n<meta name=\"twitter:label1\" content=\"Gesch\u00e4tzte Lesezeit\" \/>\n\t<meta name=\"twitter:data1\" content=\"1\u00a0Minute\" \/>\n<script type=\"application\/ld+json\" class=\"yoast-schema-graph\">{\"@context\":\"https:\\\/\\\/schema.org\",\"@graph\":[{\"@type\":\"WebPage\",\"@id\":\"https:\\\/\\\/test-marcel.nl\\\/de\\\/versand-rueckerstattung\\\/\",\"url\":\"https:\\\/\\\/test-marcel.nl\\\/de\\\/versand-rueckerstattung\\\/\",\"name\":\"Versand &amp; R\u00fcckerstattung - LUUKS\",\"isPartOf\":{\"@id\":\"https:\\\/\\\/test-marcel.nl\\\/#website\"},\"datePublished\":\"2026-01-23T11:40:58+00:00\",\"dateModified\":\"2026-02-26T13:44:05+00:00\",\"breadcrumb\":{\"@id\":\"https:\\\/\\\/test-marcel.nl\\\/de\\\/versand-rueckerstattung\\\/#breadcrumb\"},\"inLanguage\":\"de\",\"potentialAction\":[{\"@type\":\"ReadAction\",\"target\":[\"https:\\\/\\\/test-marcel.nl\\\/de\\\/versand-rueckerstattung\\\/\"]}]},{\"@type\":\"BreadcrumbList\",\"@id\":\"https:\\\/\\\/test-marcel.nl\\\/de\\\/versand-rueckerstattung\\\/#breadcrumb\",\"itemListElement\":[{\"@type\":\"ListItem\",\"position\":1,\"name\":\"Home\",\"item\":\"https:\\\/\\\/test-marcel.nl\\\/\"},{\"@type\":\"ListItem\",\"position\":2,\"name\":\"Versand &amp; R\u00fcckerstattung\"}]},{\"@type\":\"WebSite\",\"@id\":\"https:\\\/\\\/test-marcel.nl\\\/#website\",\"url\":\"https:\\\/\\\/test-marcel.nl\\\/\",\"name\":\"LUUKS\",\"description\":\"Voor schoen- en accessoire liefhebbers die kiezen voor stijl en kwaliteit\",\"publisher\":{\"@id\":\"https:\\\/\\\/test-marcel.nl\\\/#organization\"},\"potentialAction\":[{\"@type\":\"SearchAction\",\"target\":{\"@type\":\"EntryPoint\",\"urlTemplate\":\"https:\\\/\\\/test-marcel.nl\\\/?s={search_term_string}\"},\"query-input\":{\"@type\":\"PropertyValueSpecification\",\"valueRequired\":true,\"valueName\":\"search_term_string\"}}],\"inLanguage\":\"de\"},{\"@type\":\"Organization\",\"@id\":\"https:\\\/\\\/test-marcel.nl\\\/#organization\",\"name\":\"LUUKS\",\"url\":\"https:\\\/\\\/test-marcel.nl\\\/\",\"logo\":{\"@type\":\"ImageObject\",\"inLanguage\":\"de\",\"@id\":\"https:\\\/\\\/test-marcel.nl\\\/#\\\/schema\\\/logo\\\/image\\\/\",\"url\":\"https:\\\/\\\/test-marcel.nl\\\/wp-content\\\/uploads\\\/2025\\\/11\\\/LUUKS_LOGO_Red.svg\",\"contentUrl\":\"https:\\\/\\\/test-marcel.nl\\\/wp-content\\\/uploads\\\/2025\\\/11\\\/LUUKS_LOGO_Red.svg\",\"caption\":\"LUUKS\"},\"image\":{\"@id\":\"https:\\\/\\\/test-marcel.nl\\\/#\\\/schema\\\/logo\\\/image\\\/\"}}]}<\/script>\n<!-- \/ Yoast SEO plugin. -->","yoast_head_json":{"title":"Versand &amp; R\u00fcckerstattung - LUUKS","robots":{"index":"index","follow":"follow","max-snippet":"max-snippet:-1","max-image-preview":"max-image-preview:large","max-video-preview":"max-video-preview:-1"},"canonical":"https:\/\/test-marcel.nl\/de\/versand-rueckerstattung\/","og_locale":"de_DE","og_type":"article","og_title":"Versand &amp; R\u00fcckerstattung - LUUKS","og_description":"Luuks Versand &amp; R\u00fcckerstattung Versand Bei Bestellungen ab 150 \u20ac versenden wir innerhalb der Niederlande und in die folgenden EU-L\u00e4nder versandkostenfrei: Belgien, Deutschland, Frankreich, Italien, [&hellip;]","og_url":"https:\/\/test-marcel.nl\/de\/versand-rueckerstattung\/","og_site_name":"LUUKS","article_modified_time":"2026-02-26T13:44:05+00:00","twitter_card":"summary_large_image","twitter_misc":{"Gesch\u00e4tzte Lesezeit":"1\u00a0Minute"},"schema":{"@context":"https:\/\/schema.org","@graph":[{"@type":"WebPage","@id":"https:\/\/test-marcel.nl\/de\/versand-rueckerstattung\/","url":"https:\/\/test-marcel.nl\/de\/versand-rueckerstattung\/","name":"Versand &amp; R\u00fcckerstattung - LUUKS","isPartOf":{"@id":"https:\/\/test-marcel.nl\/#website"},"datePublished":"2026-01-23T11:40:58+00:00","dateModified":"2026-02-26T13:44:05+00:00","breadcrumb":{"@id":"https:\/\/test-marcel.nl\/de\/versand-rueckerstattung\/#breadcrumb"},"inLanguage":"de","potentialAction":[{"@type":"ReadAction","target":["https:\/\/test-marcel.nl\/de\/versand-rueckerstattung\/"]}]},{"@type":"BreadcrumbList","@id":"https:\/\/test-marcel.nl\/de\/versand-rueckerstattung\/#breadcrumb","itemListElement":[{"@type":"ListItem","position":1,"name":"Home","item":"https:\/\/test-marcel.nl\/"},{"@type":"ListItem","position":2,"name":"Versand &amp; R\u00fcckerstattung"}]},{"@type":"WebSite","@id":"https:\/\/test-marcel.nl\/#website","url":"https:\/\/test-marcel.nl\/","name":"LUUKS","description":"Voor schoen- en accessoire liefhebbers die kiezen voor stijl en kwaliteit","publisher":{"@id":"https:\/\/test-marcel.nl\/#organization"},"potentialAction":[{"@type":"SearchAction","target":{"@type":"EntryPoint","urlTemplate":"https:\/\/test-marcel.nl\/?s={search_term_string}"},"query-input":{"@type":"PropertyValueSpecification","valueRequired":true,"valueName":"search_term_string"}}],"inLanguage":"de"},{"@type":"Organization","@id":"https:\/\/test-marcel.nl\/#organization","name":"LUUKS","url":"https:\/\/test-marcel.nl\/","logo":{"@type":"ImageObject","inLanguage":"de","@id":"https:\/\/test-marcel.nl\/#\/schema\/logo\/image\/","url":"https:\/\/test-marcel.nl\/wp-content\/uploads\/2025\/11\/LUUKS_LOGO_Red.svg","contentUrl":"https:\/\/test-marcel.nl\/wp-content\/uploads\/2025\/11\/LUUKS_LOGO_Red.svg","caption":"LUUKS"},"image":{"@id":"https:\/\/test-marcel.nl\/#\/schema\/logo\/image\/"}}]}},"_links":{"self":[{"href":"https:\/\/test-marcel.nl\/de\/wp-json\/wp\/v2\/pages\/13771","targetHints":{"allow":["GET"]}}],"collection":[{"href":"https:\/\/test-marcel.nl\/de\/wp-json\/wp\/v2\/pages"}],"about":[{"href":"https:\/\/test-marcel.nl\/de\/wp-json\/wp\/v2\/types\/page"}],"author":[{"embeddable":true,"href":"https:\/\/test-marcel.nl\/de\/wp-json\/wp\/v2\/users\/3"}],"replies":[{"embeddable":true,"href":"https:\/\/test-marcel.nl\/de\/wp-json\/wp\/v2\/comments?post=13771"}],"version-history":[{"count":2,"href":"https:\/\/test-marcel.nl\/de\/wp-json\/wp\/v2\/pages\/13771\/revisions"}],"predecessor-version":[{"id":20882,"href":"https:\/\/test-marcel.nl\/de\/wp-json\/wp\/v2\/pages\/13771\/revisions\/20882"}],"wp:attachment":[{"href":"https:\/\/test-marcel.nl\/de\/wp-json\/wp\/v2\/media?parent=13771"}],"curies":[{"name":"wp","href":"https:\/\/api.w.org\/{rel}","templated":true}]}}